{"id":10789,"date":"2024-01-04T17:21:57","date_gmt":"2024-01-04T16:21:57","guid":{"rendered":"https:\/\/www.moonlou.com\/?post_type=product&#038;p=10789"},"modified":"2026-04-03T12:28:55","modified_gmt":"2026-04-03T10:28:55","slug":"celenka-classic-bavlna-bordo","status":"publish","type":"product","link":"https:\/\/www.moonlou.com\/en\/produkt\/celenka-classic-bavlna-bordo\/","title":{"rendered":"Bavlnen\u00e1 l\u00e1tkov\u00e1 \u010delenka Classic Bordo \u2013 \u010celenky na hlavu pre ka\u017ed\u00e9 ro\u010dn\u00e9 obdobie"},"content":{"rendered":"<p><span data-sheets-root=\"1\">L\u00e1tkov\u00e1 \u010delenka Classic z celoro\u010dnej bambusovej kolekcie je skvel\u00fdm ka\u017edodenn\u00fdm doplnkom. T\u00e1to l\u00e1tkov\u00e1 \u010delenka vynik\u00e1 jemnos\u0165ou, m\u00e4kkos\u0165ou a hodv\u00e1bnym dotykom v\u010faka kvalitn\u00e9mu materi\u00e1lu. Skvelo sa hod\u00ed na leto a tepl\u00e9 dni, no pr\u00edjemne zahreje aj po\u010das jesene. Lok\u00e1lne kraj\u010d\u00edrky ich \u0161ij\u00fa v limitovan\u00fdch <a href=\"https:\/\/www.moonlou.com\/kategoria-produktu\/celenky\/\">kolekci\u00e1ch<\/a>. Nasa\u010fte si \u010delenku a zvo\u013ete si \u0161t\u00fdl, v ktorom sa c\u00edtite kr\u00e1sna a sama sebou.<\/span><\/p>\n<p><span data-sheets-root=\"1\">Benefity bambusovej l\u00e1tky:<\/span><\/p>\n<ul>\n<li><span data-sheets-root=\"1\">Jedna z najjemnej\u0161\u00edch tkan\u00edn na svete, ktor\u00fa si zamilujete<\/span><\/li>\n<li><span data-sheets-root=\"1\">Absorbuje pot viac ne\u017e bavlna alebo ak\u00e1ko\u013evek pr\u00edrodn\u00e1 l\u00e1tka. Odv\u00e1dza vlhkos\u0165 z poko\u017eky na hlave a udr\u017e\u00ed v\u00e1s v suchu<\/span><\/li>\n<li><span data-sheets-root=\"1\">Antibakteri\u00e1lna l\u00e1tka<\/span><\/li>\n<li><span data-sheets-root=\"1\">Hypoalerg\u00e9nna l\u00e1tka \u2013 pr\u00edrodn\u00fd bambus nesp\u00f4sobuje alergick\u00e9 reakcie- Je ide\u00e1lny pre citliv\u00fa poko\u017eku<\/span><\/li>\n<li><span data-sheets-root=\"1\">Funk\u010dn\u00e1 l\u00e1tka, ktor\u00e1 v\u00e1s v lete v\u00e1s ochlad\u00ed a v zime zahreje<\/span><\/li>\n<li><span data-sheets-root=\"1\">Ekologick\u00e1 tkanina<\/span><\/li>\n<\/ul>\n","protected":false},"excerpt":{"rendered":"<p>D\u00e1mska <a href=\"https:\/\/www.moonlou.com\/kategoria-produktu\/celenky\/\">\u010delenka<\/a> v bordovej farbe, prekr\u00ed\u017een\u00e1 vpredu. Tento model \u010delenky je \u0161ir\u0161\u00ed a\u017e turbanoidn\u00fd. \u010celenku m\u00f4\u017eete nosi\u0165 na ak\u00fdko\u013evek sp\u00f4sob, s rozpusten\u00fdmi alebo zopnut\u00fdmi vlasmi. Je vhodn\u00e1 do chladnej\u0161ieho po\u010dasia.<\/p>\n<p>\u010celenku len nasad\u00edte na hlavu a m\u00f4\u017eete vykro\u010di\u0165!<\/p>\n<p>Ve\u013ekos\u0165: Jedna ve\u013ekos\u0165 (56cm \u2013 elastick\u00e1 do obvodu)<br \/>\nMateri\u00e1l: 95% Bavlna, 5% Elastan<br \/>\nStarostlivos\u0165: Pra\u0165 ru\u010dne, necha\u0165 vo\u013ene vysu\u0161i\u0165<br \/>\nVyroben\u00e9 na Slovensku<\/p>\n","protected":false},"featured_media":10790,"template":"","meta":[],"product_cat":[92],"product_tag":[70,189,202],"yoast_head":"<!-- This site is optimized with the Yoast SEO plugin v22.5 - https:\/\/yoast.com\/wordpress\/plugins\/seo\/ -->\n<title>L\u00e1tkov\u00e1 \u010delenka z bambusu Classic Bordo | Moonlou<\/title>\n<meta name=\"description\" content=\"Bambusov\u00e1 l\u00e1tkov\u00e1 \u010delenka Classic Bordo je jemn\u00e1 a hypoalerg\u00e9nna, ochlad\u00ed v lete a zahreje v zime. \u010celenky na hlavu s\u00fa ide\u00e1lny celodenn\u00fd doplnok.\" \/>\n<meta name=\"robots\" content=\"index, follow, max-snippet:-1, max-image-preview:large, max-video-preview:-1\" \/>\n<link rel=\"canonical\" href=\"https:\/\/www.moonlou.com\/en\/produkt\/celenka-classic-bavlna-bordo\/\" \/>\n<meta property=\"og:locale\" content=\"en_US\" \/>\n<meta property=\"og:type\" content=\"article\" \/>\n<meta property=\"og:title\" content=\"L\u00e1tkov\u00e1 \u010delenka z bambusu Classic Bordo | Moonlou\" \/>\n<meta property=\"og:description\" content=\"Bambusov\u00e1 l\u00e1tkov\u00e1 \u010delenka Classic Bordo je jemn\u00e1 a hypoalerg\u00e9nna, ochlad\u00ed v lete a zahreje v zime. \u010celenky na hlavu s\u00fa ide\u00e1lny celodenn\u00fd doplnok.\" \/>\n<meta property=\"og:url\" content=\"https:\/\/www.moonlou.com\/en\/produkt\/celenka-classic-bavlna-bordo\/\" \/>\n<meta property=\"og:site_name\" content=\"moonlou\" \/>\n<meta property=\"article:publisher\" content=\"https:\/\/www.facebook.com\/moonlouofficial\" \/>\n<meta property=\"article:modified_time\" content=\"2026-04-03T10:28:55+00:00\" \/>\n<meta property=\"og:image\" content=\"https:\/\/www.moonlou.com\/wp-content\/uploads\/2024\/01\/DSC3816-scaled.jpg\" \/>\n\t<meta property=\"og:image:width\" content=\"1708\" \/>\n\t<meta property=\"og:image:height\" content=\"2560\" \/>\n\t<meta property=\"og:image:type\" content=\"image\/jpeg\" \/>\n<meta name=\"twitter:card\" content=\"summary_large_image\" \/>\n<meta name=\"twitter:label1\" content=\"Est. reading time\" \/>\n\t<meta name=\"twitter:data1\" content=\"1 minute\" \/>\n<script type=\"application\/ld+json\" class=\"yoast-schema-graph\">{\"@context\":\"https:\/\/schema.org\",\"@graph\":[{\"@type\":\"WebPage\",\"@id\":\"https:\/\/www.moonlou.com\/en\/produkt\/celenka-classic-bavlna-bordo\/\",\"url\":\"https:\/\/www.moonlou.com\/en\/produkt\/celenka-classic-bavlna-bordo\/\",\"name\":\"L\u00e1tkov\u00e1 \u010delenka z bambusu Classic Bordo | Moonlou\",\"isPartOf\":{\"@id\":\"https:\/\/www.moonlou.com\/en\/#website\"},\"primaryImageOfPage\":{\"@id\":\"https:\/\/www.moonlou.com\/en\/produkt\/celenka-classic-bavlna-bordo\/#primaryimage\"},\"image\":{\"@id\":\"https:\/\/www.moonlou.com\/en\/produkt\/celenka-classic-bavlna-bordo\/#primaryimage\"},\"thumbnailUrl\":\"https:\/\/www.moonlou.com\/wp-content\/uploads\/2024\/01\/DSC3816-scaled.jpg\",\"datePublished\":\"2024-01-04T16:21:57+00:00\",\"dateModified\":\"2026-04-03T10:28:55+00:00\",\"description\":\"Bambusov\u00e1 l\u00e1tkov\u00e1 \u010delenka Classic Bordo je jemn\u00e1 a hypoalerg\u00e9nna, ochlad\u00ed v lete a zahreje v zime. \u010celenky na hlavu s\u00fa ide\u00e1lny celodenn\u00fd doplnok.\",\"breadcrumb\":{\"@id\":\"https:\/\/www.moonlou.com\/en\/produkt\/celenka-classic-bavlna-bordo\/#breadcrumb\"},\"inLanguage\":\"en-US\",\"potentialAction\":[{\"@type\":\"ReadAction\",\"target\":[\"https:\/\/www.moonlou.com\/en\/produkt\/celenka-classic-bavlna-bordo\/\"]}]},{\"@type\":\"ImageObject\",\"inLanguage\":\"en-US\",\"@id\":\"https:\/\/www.moonlou.com\/en\/produkt\/celenka-classic-bavlna-bordo\/#primaryimage\",\"url\":\"https:\/\/www.moonlou.com\/wp-content\/uploads\/2024\/01\/DSC3816-scaled.jpg\",\"contentUrl\":\"https:\/\/www.moonlou.com\/wp-content\/uploads\/2024\/01\/DSC3816-scaled.jpg\",\"width\":1708,\"height\":2560,\"caption\":\"Bambusov\u00e1 l\u00e1tkov\u00e1 \u010delenka Classic Bordo \u2013 \u010celenky na hlavu pre ka\u017ed\u00e9 ro\u010dn\u00e9 obdobie\"},{\"@type\":\"BreadcrumbList\",\"@id\":\"https:\/\/www.moonlou.com\/en\/produkt\/celenka-classic-bavlna-bordo\/#breadcrumb\",\"itemListElement\":[{\"@type\":\"ListItem\",\"position\":1,\"name\":\"moonlou.com\",\"item\":\"https:\/\/www.moonlou.com\/en\/\"},{\"@type\":\"ListItem\",\"position\":2,\"name\":\"Obchod\",\"item\":\"https:\/\/www.moonlou.com\/obchod\/\"},{\"@type\":\"ListItem\",\"position\":3,\"name\":\"Bavlnen\u00e1 l\u00e1tkov\u00e1 \u010delenka Classic Bordo \u2013 \u010celenky na hlavu pre ka\u017ed\u00e9 ro\u010dn\u00e9 obdobie\"}]},{\"@type\":\"WebSite\",\"@id\":\"https:\/\/www.moonlou.com\/en\/#website\",\"url\":\"https:\/\/www.moonlou.com\/en\/\",\"name\":\"moonlou\",\"description\":\"Enjoy being you.\",\"publisher\":{\"@id\":\"https:\/\/www.moonlou.com\/en\/#organization\"},\"potentialAction\":[{\"@type\":\"SearchAction\",\"target\":{\"@type\":\"EntryPoint\",\"urlTemplate\":\"https:\/\/www.moonlou.com\/en\/?s={search_term_string}\"},\"query-input\":\"required name=search_term_string\"}],\"inLanguage\":\"en-US\"},{\"@type\":\"Organization\",\"@id\":\"https:\/\/www.moonlou.com\/en\/#organization\",\"name\":\"Lujza P\u00fachyov\u00e1\",\"url\":\"https:\/\/www.moonlou.com\/en\/\",\"logo\":{\"@type\":\"ImageObject\",\"inLanguage\":\"en-US\",\"@id\":\"https:\/\/www.moonlou.com\/en\/#\/schema\/logo\/image\/\",\"url\":\"https:\/\/www.moonlou.com\/wp-content\/uploads\/2021\/03\/moonlou-logo.png\",\"contentUrl\":\"https:\/\/www.moonlou.com\/wp-content\/uploads\/2021\/03\/moonlou-logo.png\",\"width\":1990,\"height\":642,\"caption\":\"Lujza P\u00fachyov\u00e1\"},\"image\":{\"@id\":\"https:\/\/www.moonlou.com\/en\/#\/schema\/logo\/image\/\"},\"sameAs\":[\"https:\/\/www.facebook.com\/moonlouofficial\"]}]}<\/script>\n<!-- \/ Yoast SEO plugin. -->","yoast_head_json":{"title":"L\u00e1tkov\u00e1 \u010delenka z bambusu Classic Bordo | Moonlou","description":"Bambusov\u00e1 l\u00e1tkov\u00e1 \u010delenka Classic Bordo je jemn\u00e1 a hypoalerg\u00e9nna, ochlad\u00ed v lete a zahreje v zime. \u010celenky na hlavu s\u00fa ide\u00e1lny celodenn\u00fd doplnok.","robots":{"index":"index","follow":"follow","max-snippet":"max-snippet:-1","max-image-preview":"max-image-preview:large","max-video-preview":"max-video-preview:-1"},"canonical":"https:\/\/www.moonlou.com\/en\/produkt\/celenka-classic-bavlna-bordo\/","og_locale":"en_US","og_type":"article","og_title":"L\u00e1tkov\u00e1 \u010delenka z bambusu Classic Bordo | Moonlou","og_description":"Bambusov\u00e1 l\u00e1tkov\u00e1 \u010delenka Classic Bordo je jemn\u00e1 a hypoalerg\u00e9nna, ochlad\u00ed v lete a zahreje v zime. \u010celenky na hlavu s\u00fa ide\u00e1lny celodenn\u00fd doplnok.","og_url":"https:\/\/www.moonlou.com\/en\/produkt\/celenka-classic-bavlna-bordo\/","og_site_name":"moonlou","article_publisher":"https:\/\/www.facebook.com\/moonlouofficial","article_modified_time":"2026-04-03T10:28:55+00:00","og_image":[{"width":1708,"height":2560,"url":"https:\/\/www.moonlou.com\/wp-content\/uploads\/2024\/01\/DSC3816-scaled.jpg","type":"image\/jpeg"}],"twitter_card":"summary_large_image","twitter_misc":{"Est. reading time":"1 minute"},"schema":{"@context":"https:\/\/schema.org","@graph":[{"@type":"WebPage","@id":"https:\/\/www.moonlou.com\/en\/produkt\/celenka-classic-bavlna-bordo\/","url":"https:\/\/www.moonlou.com\/en\/produkt\/celenka-classic-bavlna-bordo\/","name":"L\u00e1tkov\u00e1 \u010delenka z bambusu Classic Bordo | Moonlou","isPartOf":{"@id":"https:\/\/www.moonlou.com\/en\/#website"},"primaryImageOfPage":{"@id":"https:\/\/www.moonlou.com\/en\/produkt\/celenka-classic-bavlna-bordo\/#primaryimage"},"image":{"@id":"https:\/\/www.moonlou.com\/en\/produkt\/celenka-classic-bavlna-bordo\/#primaryimage"},"thumbnailUrl":"https:\/\/www.moonlou.com\/wp-content\/uploads\/2024\/01\/DSC3816-scaled.jpg","datePublished":"2024-01-04T16:21:57+00:00","dateModified":"2026-04-03T10:28:55+00:00","description":"Bambusov\u00e1 l\u00e1tkov\u00e1 \u010delenka Classic Bordo je jemn\u00e1 a hypoalerg\u00e9nna, ochlad\u00ed v lete a zahreje v zime. \u010celenky na hlavu s\u00fa ide\u00e1lny celodenn\u00fd doplnok.","breadcrumb":{"@id":"https:\/\/www.moonlou.com\/en\/produkt\/celenka-classic-bavlna-bordo\/#breadcrumb"},"inLanguage":"en-US","potentialAction":[{"@type":"ReadAction","target":["https:\/\/www.moonlou.com\/en\/produkt\/celenka-classic-bavlna-bordo\/"]}]},{"@type":"ImageObject","inLanguage":"en-US","@id":"https:\/\/www.moonlou.com\/en\/produkt\/celenka-classic-bavlna-bordo\/#primaryimage","url":"https:\/\/www.moonlou.com\/wp-content\/uploads\/2024\/01\/DSC3816-scaled.jpg","contentUrl":"https:\/\/www.moonlou.com\/wp-content\/uploads\/2024\/01\/DSC3816-scaled.jpg","width":1708,"height":2560,"caption":"Bambusov\u00e1 l\u00e1tkov\u00e1 \u010delenka Classic Bordo \u2013 \u010celenky na hlavu pre ka\u017ed\u00e9 ro\u010dn\u00e9 obdobie"},{"@type":"BreadcrumbList","@id":"https:\/\/www.moonlou.com\/en\/produkt\/celenka-classic-bavlna-bordo\/#breadcrumb","itemListElement":[{"@type":"ListItem","position":1,"name":"moonlou.com","item":"https:\/\/www.moonlou.com\/en\/"},{"@type":"ListItem","position":2,"name":"Obchod","item":"https:\/\/www.moonlou.com\/obchod\/"},{"@type":"ListItem","position":3,"name":"Bavlnen\u00e1 l\u00e1tkov\u00e1 \u010delenka Classic Bordo \u2013 \u010celenky na hlavu pre ka\u017ed\u00e9 ro\u010dn\u00e9 obdobie"}]},{"@type":"WebSite","@id":"https:\/\/www.moonlou.com\/en\/#website","url":"https:\/\/www.moonlou.com\/en\/","name":"moonlou","description":"Enjoy being you.","publisher":{"@id":"https:\/\/www.moonlou.com\/en\/#organization"},"potentialAction":[{"@type":"SearchAction","target":{"@type":"EntryPoint","urlTemplate":"https:\/\/www.moonlou.com\/en\/?s={search_term_string}"},"query-input":"required name=search_term_string"}],"inLanguage":"en-US"},{"@type":"Organization","@id":"https:\/\/www.moonlou.com\/en\/#organization","name":"Lujza P\u00fachyov\u00e1","url":"https:\/\/www.moonlou.com\/en\/","logo":{"@type":"ImageObject","inLanguage":"en-US","@id":"https:\/\/www.moonlou.com\/en\/#\/schema\/logo\/image\/","url":"https:\/\/www.moonlou.com\/wp-content\/uploads\/2021\/03\/moonlou-logo.png","contentUrl":"https:\/\/www.moonlou.com\/wp-content\/uploads\/2021\/03\/moonlou-logo.png","width":1990,"height":642,"caption":"Lujza P\u00fachyov\u00e1"},"image":{"@id":"https:\/\/www.moonlou.com\/en\/#\/schema\/logo\/image\/"},"sameAs":["https:\/\/www.facebook.com\/moonlouofficial"]}]}},"_links":{"self":[{"href":"https:\/\/www.moonlou.com\/en\/wp-json\/wp\/v2\/product\/10789"}],"collection":[{"href":"https:\/\/www.moonlou.com\/en\/wp-json\/wp\/v2\/product"}],"about":[{"href":"https:\/\/www.moonlou.com\/en\/wp-json\/wp\/v2\/types\/product"}],"wp:featuredmedia":[{"embeddable":true,"href":"https:\/\/www.moonlou.com\/en\/wp-json\/wp\/v2\/media\/10790"}],"wp:attachment":[{"href":"https:\/\/www.moonlou.com\/en\/wp-json\/wp\/v2\/media?parent=10789"}],"wp:term":[{"taxonomy":"product_cat","embeddable":true,"href":"https:\/\/www.moonlou.com\/en\/wp-json\/wp\/v2\/product_cat?post=10789"},{"taxonomy":"product_tag","embeddable":true,"href":"https:\/\/www.moonlou.com\/en\/wp-json\/wp\/v2\/product_tag?post=10789"}],"curies":[{"name":"wp","href":"https:\/\/api.w.org\/{rel}","templated":true}]}}