{"id":3448,"date":"2021-03-13T23:30:03","date_gmt":"2021-03-13T22:30:03","guid":{"rendered":"https:\/\/www.moonlou.com\/product\/import-placeholder-for-3888\/"},"modified":"2025-02-08T14:31:00","modified_gmt":"2025-02-08T13:31:00","slug":"turban-classic-black","status":"publish","type":"product","link":"https:\/\/www.moonlou.com\/en\/produkt\/turban-classic-black\/","title":{"rendered":"Turban na vlasy a hlavu Classic Black z bavlny"},"content":{"rendered":"<p><a href=\"https:\/\/www.moonlou.com\/kategoria-produktu\/turbany\/\">Turban na hlavu<\/a> Classic z bavlnenej kolekcie je m\u00e4kk\u00fd, tepl\u00fd a elastick\u00fd do obvodu. Turban je u\u0161it\u00fd z dvoch vrstviev teplej bavlny a je vhodn\u00fd do chladn\u00e9ho po\u010dasia. M\u00e4kk\u00e1 a vzdu\u0161n\u00e1 bavlna poskytuje celodenn\u00fd komfort. Turbany s\u00fa \u0161it\u00e9 v limitovan\u00fdch kolekci\u00e1ch na\u0161mi lok\u00e1lnymi kraj\u010d\u00edrkami. Nasa\u010fte si turban a zvo\u013ete si \u0161t\u00fdl, v ktorom sa c\u00edtite kr\u00e1sna a sama sebou.<\/p>\n<p><span data-sheets-root=\"1\">Turban na vlasy Classic z celoro\u010dnej bambusovej kolekcie je skvel\u00fdm ka\u017edodenn\u00fdm doplnkom. V\u010faka svojmu materi\u00e1lu je tento turban na hlavu dokonale jemn\u00fd, m\u00e4ku\u010dk\u00fd a hodv\u00e1bny na dotyk. L\u00e1tka je elastick\u00e1, tak\u017ee sa turban prisp\u00f4sob\u00ed ak\u00e9muko\u013evek obvodu hlavy. Je vhodn\u00fd na nosenie celoro\u010dne.<\/span><\/p>\n<p><span data-sheets-root=\"1\">Benefity bambusovej l\u00e1tky:<\/span><\/p>\n<ul>\n<li><span data-sheets-root=\"1\">Jedna z najjemnej\u0161\u00edch tkan\u00edn na svete, ktor\u00fa si zamilujete<\/span><\/li>\n<li><span data-sheets-root=\"1\">Absorbuje pot viac ne\u017e bavlna alebo ak\u00e1ko\u013evek pr\u00edrodn\u00e1 l\u00e1tka.<\/span><\/li>\n<li><span data-sheets-root=\"1\">Odv\u00e1dza vlhkos\u0165 z poko\u017eky na hlave a udr\u017e\u00ed v\u00e1s v suchu<\/span><\/li>\n<li><span data-sheets-root=\"1\">Antibakteri\u00e1lna l\u00e1tka<\/span><\/li>\n<li><span data-sheets-root=\"1\">Hypoalerg\u00e9nna l\u00e1tka \u2013 pr\u00edrodn\u00fd bambus nesp\u00f4sobuje alergick\u00e9 reakcie &#8211; Je ide\u00e1lny pre citliv\u00fa poko\u017eku<\/span><\/li>\n<li><span data-sheets-root=\"1\">Funk\u010dn\u00e1 l\u00e1tka, ktor\u00e1 v\u00e1s v lete v\u00e1s ochlad\u00ed a v zime zahreje<\/span><\/li>\n<li><span data-sheets-root=\"1\">Ekologick\u00e1 tkanina<\/span><\/li>\n<\/ul>\n","protected":false},"excerpt":{"rendered":"<p>D\u00e1msky turban na hlavu v \u010diernej farbe, prekr\u00ed\u017een\u00fd vpredu. Tento model je u\u0161it\u00fd z dvoch vrstiev m\u00e4kkej a vzdu\u0161nej bavlny, vhodn\u00fd do chladn\u00e9ho po\u010dasia. Turban je skvel\u00fdm doplnkom k ak\u00e9muko\u013evek outfitu, k elegantn\u00e9mu aj \u0161portov\u00e9mu.<\/p>\n<p>Turban len nasad\u00edte na hlavu a m\u00f4\u017eete vykro\u010di\u0165!<\/p>\n<p>Ve\u013ekos\u0165: Jedna ve\u013ekos\u0165 (56cm \u2013 elastick\u00fd do obvodu)<br \/>\nZlo\u017eenie: 95% Bavlna, 5% Elastan<br \/>\nStarostlivos\u0165: Pra\u0165 ru\u010dne a necha\u0165 vo\u013ene vysu\u0161i\u0165<br \/>\nVyroben\u00e9 na Slovensku<\/p>\n","protected":false},"featured_media":7467,"template":"","meta":[],"product_cat":[75,71],"product_tag":[70,189,202],"yoast_head":"<!-- This site is optimized with the Yoast SEO plugin v22.5 - https:\/\/yoast.com\/wordpress\/plugins\/seo\/ -->\n<title>Turban na hlavu Classic Black | Turban na vlasy | Moonlou<\/title>\n<meta name=\"description\" content=\"Turban na hlavu Classic Black z bambusov\u00e9ho vl\u00e1kna je jemn\u00fd, hypoalerg\u00e9nny a celoro\u010dn\u00fd doplnok. Turban na vlasy v\u00e1s ochlad\u00ed v lete a zahreje v zime.\" \/>\n<meta name=\"robots\" content=\"index, follow, max-snippet:-1, max-image-preview:large, max-video-preview:-1\" \/>\n<link rel=\"canonical\" href=\"https:\/\/www.moonlou.com\/en\/produkt\/turban-classic-black\/\" \/>\n<meta property=\"og:locale\" content=\"en_US\" \/>\n<meta property=\"og:type\" content=\"article\" \/>\n<meta property=\"og:title\" content=\"Turban na hlavu Classic Black | Turban na vlasy | Moonlou\" \/>\n<meta property=\"og:description\" content=\"Turban na hlavu Classic Black z bambusov\u00e9ho vl\u00e1kna je jemn\u00fd, hypoalerg\u00e9nny a celoro\u010dn\u00fd doplnok. Turban na vlasy v\u00e1s ochlad\u00ed v lete a zahreje v zime.\" \/>\n<meta property=\"og:url\" content=\"https:\/\/www.moonlou.com\/en\/produkt\/turban-classic-black\/\" \/>\n<meta property=\"og:site_name\" content=\"moonlou\" \/>\n<meta property=\"article:publisher\" content=\"https:\/\/www.facebook.com\/moonlouofficial\" \/>\n<meta property=\"article:modified_time\" content=\"2025-02-08T13:31:00+00:00\" \/>\n<meta property=\"og:image\" content=\"https:\/\/www.moonlou.com\/wp-content\/uploads\/2021\/03\/DSC1866-scaled.jpg\" \/>\n\t<meta property=\"og:image:width\" content=\"1708\" \/>\n\t<meta property=\"og:image:height\" content=\"2560\" \/>\n\t<meta property=\"og:image:type\" content=\"image\/jpeg\" \/>\n<meta name=\"twitter:card\" content=\"summary_large_image\" \/>\n<meta name=\"twitter:label1\" content=\"Est. reading time\" \/>\n\t<meta name=\"twitter:data1\" content=\"2 minutes\" \/>\n<script type=\"application\/ld+json\" class=\"yoast-schema-graph\">{\"@context\":\"https:\/\/schema.org\",\"@graph\":[{\"@type\":\"WebPage\",\"@id\":\"https:\/\/www.moonlou.com\/en\/produkt\/turban-classic-black\/\",\"url\":\"https:\/\/www.moonlou.com\/en\/produkt\/turban-classic-black\/\",\"name\":\"Turban na hlavu Classic Black | Turban na vlasy | Moonlou\",\"isPartOf\":{\"@id\":\"https:\/\/www.moonlou.com\/en\/#website\"},\"primaryImageOfPage\":{\"@id\":\"https:\/\/www.moonlou.com\/en\/produkt\/turban-classic-black\/#primaryimage\"},\"image\":{\"@id\":\"https:\/\/www.moonlou.com\/en\/produkt\/turban-classic-black\/#primaryimage\"},\"thumbnailUrl\":\"https:\/\/www.moonlou.com\/wp-content\/uploads\/2021\/03\/DSC1866-scaled.jpg\",\"datePublished\":\"2021-03-13T22:30:03+00:00\",\"dateModified\":\"2025-02-08T13:31:00+00:00\",\"description\":\"Turban na hlavu Classic Black z bambusov\u00e9ho vl\u00e1kna je jemn\u00fd, hypoalerg\u00e9nny a celoro\u010dn\u00fd doplnok. Turban na vlasy v\u00e1s ochlad\u00ed v lete a zahreje v zime.\",\"breadcrumb\":{\"@id\":\"https:\/\/www.moonlou.com\/en\/produkt\/turban-classic-black\/#breadcrumb\"},\"inLanguage\":\"en-US\",\"potentialAction\":[{\"@type\":\"ReadAction\",\"target\":[\"https:\/\/www.moonlou.com\/en\/produkt\/turban-classic-black\/\"]}]},{\"@type\":\"ImageObject\",\"inLanguage\":\"en-US\",\"@id\":\"https:\/\/www.moonlou.com\/en\/produkt\/turban-classic-black\/#primaryimage\",\"url\":\"https:\/\/www.moonlou.com\/wp-content\/uploads\/2021\/03\/DSC1866-scaled.jpg\",\"contentUrl\":\"https:\/\/www.moonlou.com\/wp-content\/uploads\/2021\/03\/DSC1866-scaled.jpg\",\"width\":1708,\"height\":2560,\"caption\":\"Turban na vlasy a turban na hlavu Classic Black z jemn\u00e9ho bambusov\u00e9ho vl\u00e1kna\"},{\"@type\":\"BreadcrumbList\",\"@id\":\"https:\/\/www.moonlou.com\/en\/produkt\/turban-classic-black\/#breadcrumb\",\"itemListElement\":[{\"@type\":\"ListItem\",\"position\":1,\"name\":\"moonlou.com\",\"item\":\"https:\/\/www.moonlou.com\/en\/\"},{\"@type\":\"ListItem\",\"position\":2,\"name\":\"Obchod\",\"item\":\"https:\/\/www.moonlou.com\/obchod\/\"},{\"@type\":\"ListItem\",\"position\":3,\"name\":\"Turban na vlasy a hlavu Classic Black z bavlny\"}]},{\"@type\":\"WebSite\",\"@id\":\"https:\/\/www.moonlou.com\/en\/#website\",\"url\":\"https:\/\/www.moonlou.com\/en\/\",\"name\":\"moonlou\",\"description\":\"Enjoy being you.\",\"publisher\":{\"@id\":\"https:\/\/www.moonlou.com\/en\/#organization\"},\"potentialAction\":[{\"@type\":\"SearchAction\",\"target\":{\"@type\":\"EntryPoint\",\"urlTemplate\":\"https:\/\/www.moonlou.com\/en\/?s={search_term_string}\"},\"query-input\":\"required name=search_term_string\"}],\"inLanguage\":\"en-US\"},{\"@type\":\"Organization\",\"@id\":\"https:\/\/www.moonlou.com\/en\/#organization\",\"name\":\"Lujza P\u00fachyov\u00e1\",\"url\":\"https:\/\/www.moonlou.com\/en\/\",\"logo\":{\"@type\":\"ImageObject\",\"inLanguage\":\"en-US\",\"@id\":\"https:\/\/www.moonlou.com\/en\/#\/schema\/logo\/image\/\",\"url\":\"https:\/\/www.moonlou.com\/wp-content\/uploads\/2021\/03\/moonlou-logo.png\",\"contentUrl\":\"https:\/\/www.moonlou.com\/wp-content\/uploads\/2021\/03\/moonlou-logo.png\",\"width\":1990,\"height\":642,\"caption\":\"Lujza P\u00fachyov\u00e1\"},\"image\":{\"@id\":\"https:\/\/www.moonlou.com\/en\/#\/schema\/logo\/image\/\"},\"sameAs\":[\"https:\/\/www.facebook.com\/moonlouofficial\"]}]}<\/script>\n<!-- \/ Yoast SEO plugin. -->","yoast_head_json":{"title":"Turban na hlavu Classic Black | Turban na vlasy | Moonlou","description":"Turban na hlavu Classic Black z bambusov\u00e9ho vl\u00e1kna je jemn\u00fd, hypoalerg\u00e9nny a celoro\u010dn\u00fd doplnok. Turban na vlasy v\u00e1s ochlad\u00ed v lete a zahreje v zime.","robots":{"index":"index","follow":"follow","max-snippet":"max-snippet:-1","max-image-preview":"max-image-preview:large","max-video-preview":"max-video-preview:-1"},"canonical":"https:\/\/www.moonlou.com\/en\/produkt\/turban-classic-black\/","og_locale":"en_US","og_type":"article","og_title":"Turban na hlavu Classic Black | Turban na vlasy | Moonlou","og_description":"Turban na hlavu Classic Black z bambusov\u00e9ho vl\u00e1kna je jemn\u00fd, hypoalerg\u00e9nny a celoro\u010dn\u00fd doplnok. Turban na vlasy v\u00e1s ochlad\u00ed v lete a zahreje v zime.","og_url":"https:\/\/www.moonlou.com\/en\/produkt\/turban-classic-black\/","og_site_name":"moonlou","article_publisher":"https:\/\/www.facebook.com\/moonlouofficial","article_modified_time":"2025-02-08T13:31:00+00:00","og_image":[{"width":1708,"height":2560,"url":"https:\/\/www.moonlou.com\/wp-content\/uploads\/2021\/03\/DSC1866-scaled.jpg","type":"image\/jpeg"}],"twitter_card":"summary_large_image","twitter_misc":{"Est. reading time":"2 minutes"},"schema":{"@context":"https:\/\/schema.org","@graph":[{"@type":"WebPage","@id":"https:\/\/www.moonlou.com\/en\/produkt\/turban-classic-black\/","url":"https:\/\/www.moonlou.com\/en\/produkt\/turban-classic-black\/","name":"Turban na hlavu Classic Black | Turban na vlasy | Moonlou","isPartOf":{"@id":"https:\/\/www.moonlou.com\/en\/#website"},"primaryImageOfPage":{"@id":"https:\/\/www.moonlou.com\/en\/produkt\/turban-classic-black\/#primaryimage"},"image":{"@id":"https:\/\/www.moonlou.com\/en\/produkt\/turban-classic-black\/#primaryimage"},"thumbnailUrl":"https:\/\/www.moonlou.com\/wp-content\/uploads\/2021\/03\/DSC1866-scaled.jpg","datePublished":"2021-03-13T22:30:03+00:00","dateModified":"2025-02-08T13:31:00+00:00","description":"Turban na hlavu Classic Black z bambusov\u00e9ho vl\u00e1kna je jemn\u00fd, hypoalerg\u00e9nny a celoro\u010dn\u00fd doplnok. Turban na vlasy v\u00e1s ochlad\u00ed v lete a zahreje v zime.","breadcrumb":{"@id":"https:\/\/www.moonlou.com\/en\/produkt\/turban-classic-black\/#breadcrumb"},"inLanguage":"en-US","potentialAction":[{"@type":"ReadAction","target":["https:\/\/www.moonlou.com\/en\/produkt\/turban-classic-black\/"]}]},{"@type":"ImageObject","inLanguage":"en-US","@id":"https:\/\/www.moonlou.com\/en\/produkt\/turban-classic-black\/#primaryimage","url":"https:\/\/www.moonlou.com\/wp-content\/uploads\/2021\/03\/DSC1866-scaled.jpg","contentUrl":"https:\/\/www.moonlou.com\/wp-content\/uploads\/2021\/03\/DSC1866-scaled.jpg","width":1708,"height":2560,"caption":"Turban na vlasy a turban na hlavu Classic Black z jemn\u00e9ho bambusov\u00e9ho vl\u00e1kna"},{"@type":"BreadcrumbList","@id":"https:\/\/www.moonlou.com\/en\/produkt\/turban-classic-black\/#breadcrumb","itemListElement":[{"@type":"ListItem","position":1,"name":"moonlou.com","item":"https:\/\/www.moonlou.com\/en\/"},{"@type":"ListItem","position":2,"name":"Obchod","item":"https:\/\/www.moonlou.com\/obchod\/"},{"@type":"ListItem","position":3,"name":"Turban na vlasy a hlavu Classic Black z bavlny"}]},{"@type":"WebSite","@id":"https:\/\/www.moonlou.com\/en\/#website","url":"https:\/\/www.moonlou.com\/en\/","name":"moonlou","description":"Enjoy being you.","publisher":{"@id":"https:\/\/www.moonlou.com\/en\/#organization"},"potentialAction":[{"@type":"SearchAction","target":{"@type":"EntryPoint","urlTemplate":"https:\/\/www.moonlou.com\/en\/?s={search_term_string}"},"query-input":"required name=search_term_string"}],"inLanguage":"en-US"},{"@type":"Organization","@id":"https:\/\/www.moonlou.com\/en\/#organization","name":"Lujza P\u00fachyov\u00e1","url":"https:\/\/www.moonlou.com\/en\/","logo":{"@type":"ImageObject","inLanguage":"en-US","@id":"https:\/\/www.moonlou.com\/en\/#\/schema\/logo\/image\/","url":"https:\/\/www.moonlou.com\/wp-content\/uploads\/2021\/03\/moonlou-logo.png","contentUrl":"https:\/\/www.moonlou.com\/wp-content\/uploads\/2021\/03\/moonlou-logo.png","width":1990,"height":642,"caption":"Lujza P\u00fachyov\u00e1"},"image":{"@id":"https:\/\/www.moonlou.com\/en\/#\/schema\/logo\/image\/"},"sameAs":["https:\/\/www.facebook.com\/moonlouofficial"]}]}},"_links":{"self":[{"href":"https:\/\/www.moonlou.com\/en\/wp-json\/wp\/v2\/product\/3448"}],"collection":[{"href":"https:\/\/www.moonlou.com\/en\/wp-json\/wp\/v2\/product"}],"about":[{"href":"https:\/\/www.moonlou.com\/en\/wp-json\/wp\/v2\/types\/product"}],"wp:featuredmedia":[{"embeddable":true,"href":"https:\/\/www.moonlou.com\/en\/wp-json\/wp\/v2\/media\/7467"}],"wp:attachment":[{"href":"https:\/\/www.moonlou.com\/en\/wp-json\/wp\/v2\/media?parent=3448"}],"wp:term":[{"taxonomy":"product_cat","embeddable":true,"href":"https:\/\/www.moonlou.com\/en\/wp-json\/wp\/v2\/product_cat?post=3448"},{"taxonomy":"product_tag","embeddable":true,"href":"https:\/\/www.moonlou.com\/en\/wp-json\/wp\/v2\/product_tag?post=3448"}],"curies":[{"name":"wp","href":"https:\/\/api.w.org\/{rel}","templated":true}]}}