{"id":7521,"date":"2021-10-20T12:07:25","date_gmt":"2021-10-20T10:07:25","guid":{"rendered":"https:\/\/www.moonlou.com\/?post_type=product&#038;p=7521"},"modified":"2025-02-08T14:28:35","modified_gmt":"2025-02-08T13:28:35","slug":"turban-classic-moss","status":"publish","type":"product","link":"https:\/\/www.moonlou.com\/en\/produkt\/turban-classic-moss\/","title":{"rendered":"Turban na vlasy a hlavu Classic Green z bavlny"},"content":{"rendered":"<p>Turban Classic z bavlnenej kolekcie je m\u00e4kk\u00fd, tepl\u00fd a elastick\u00fd do obvodu. Turban je u\u0161it\u00fd z dvoch vrstviev teplej bavlny a je vhodn\u00fd do chladn\u00e9ho po\u010dasia. M\u00e4kk\u00e1 a vzdu\u0161n\u00e1 bavlna poskytuje celodenn\u00fd komfort. Turbany s\u00fa \u0161it\u00e9 v limitovan\u00fdch kolekci\u00e1ch na\u0161mi lok\u00e1lnymi kraj\u010d\u00edrkami. Nasa\u010fte si turban a zvo\u013ete si \u0161t\u00fdl, v ktorom sa c\u00edtite kr\u00e1sna a sama sebou.<\/p>\n","protected":false},"excerpt":{"rendered":"<p>D\u00e1msky turban v olivovej zelenej farbe, prekr\u00ed\u017een\u00fd vpredu. Tento model je u\u0161it\u00fd z dvoch vrstiev m\u00e4kkej a vzdu\u0161nej bavlny, vhodn\u00fd do chladn\u00e9ho po\u010dasia. Turban je skvel\u00fdm doplnkom k ak\u00e9muko\u013evek outfitu, k elegantn\u00e9mu aj \u0161portov\u00e9mu.<\/p>\n<p>Turban len nasad\u00edte na hlavu a m\u00f4\u017eete vykro\u010di\u0165!<\/p>\n<p>Ve\u013ekos\u0165: Jedna ve\u013ekos\u0165 (56cm \u2013 elastick\u00fd do obvodu)<br \/>\nZlo\u017eenie: 95% Bavlna, 5% Elastan<br \/>\nStarostlivos\u0165: Pra\u0165 ru\u010dne a necha\u0165 vo\u013ene vysu\u0161i\u0165<br \/>\nVyroben\u00e9 na Slovensku<\/p>\n","protected":false},"featured_media":7522,"template":"","meta":[],"product_cat":[75,71],"product_tag":[70,189,202],"yoast_head":"<!-- This site is optimized with the Yoast SEO plugin v22.5 - https:\/\/yoast.com\/wordpress\/plugins\/seo\/ -->\n<title>Turban na vlasy a hlavu Classic Green z bavlny &#8211; moonlou<\/title>\n<meta name=\"robots\" content=\"index, follow, max-snippet:-1, max-image-preview:large, max-video-preview:-1\" \/>\n<link rel=\"canonical\" href=\"https:\/\/www.moonlou.com\/en\/produkt\/turban-classic-moss\/\" \/>\n<meta property=\"og:locale\" content=\"en_US\" \/>\n<meta property=\"og:type\" content=\"article\" \/>\n<meta property=\"og:title\" content=\"Turban na vlasy a hlavu Classic Green z bavlny &#8211; moonlou\" \/>\n<meta property=\"og:description\" content=\"D\u00e1msky turban v olivovej zelenej farbe, prekr\u00ed\u017een\u00fd vpredu. Tento model je u\u0161it\u00fd z dvoch vrstiev m\u00e4kkej a vzdu\u0161nej bavlny, vhodn\u00fd do chladn\u00e9ho po\u010dasia. Turban je skvel\u00fdm doplnkom k ak\u00e9muko\u013evek outfitu, k elegantn\u00e9mu aj \u0161portov\u00e9mu.  Turban len nasad\u00edte na hlavu a m\u00f4\u017eete vykro\u010di\u0165!  Ve\u013ekos\u0165: Jedna ve\u013ekos\u0165 (56cm \u2013 elastick\u00fd do obvodu) Zlo\u017eenie: 95% Bavlna, 5% Elastan Starostlivos\u0165: Pra\u0165 ru\u010dne a necha\u0165 vo\u013ene vysu\u0161i\u0165 Vyroben\u00e9 na Slovensku\" \/>\n<meta property=\"og:url\" content=\"https:\/\/www.moonlou.com\/en\/produkt\/turban-classic-moss\/\" \/>\n<meta property=\"og:site_name\" content=\"moonlou\" \/>\n<meta property=\"article:publisher\" content=\"https:\/\/www.facebook.com\/moonlouofficial\" \/>\n<meta property=\"article:modified_time\" content=\"2025-02-08T13:28:35+00:00\" \/>\n<meta property=\"og:image\" content=\"https:\/\/www.moonlou.com\/wp-content\/uploads\/2021\/10\/DSC1519-scaled.jpg\" \/>\n\t<meta property=\"og:image:width\" content=\"1708\" \/>\n\t<meta property=\"og:image:height\" content=\"2560\" \/>\n\t<meta property=\"og:image:type\" content=\"image\/jpeg\" \/>\n<meta name=\"twitter:card\" content=\"summary_large_image\" \/>\n<meta name=\"twitter:label1\" content=\"Est. reading time\" \/>\n\t<meta name=\"twitter:data1\" content=\"1 minute\" \/>\n<script type=\"application\/ld+json\" class=\"yoast-schema-graph\">{\"@context\":\"https:\/\/schema.org\",\"@graph\":[{\"@type\":\"WebPage\",\"@id\":\"https:\/\/www.moonlou.com\/en\/produkt\/turban-classic-moss\/\",\"url\":\"https:\/\/www.moonlou.com\/en\/produkt\/turban-classic-moss\/\",\"name\":\"Turban na vlasy a hlavu Classic Green z bavlny &#8211; moonlou\",\"isPartOf\":{\"@id\":\"https:\/\/www.moonlou.com\/en\/#website\"},\"primaryImageOfPage\":{\"@id\":\"https:\/\/www.moonlou.com\/en\/produkt\/turban-classic-moss\/#primaryimage\"},\"image\":{\"@id\":\"https:\/\/www.moonlou.com\/en\/produkt\/turban-classic-moss\/#primaryimage\"},\"thumbnailUrl\":\"https:\/\/www.moonlou.com\/wp-content\/uploads\/2021\/10\/DSC1519-scaled.jpg\",\"datePublished\":\"2021-10-20T10:07:25+00:00\",\"dateModified\":\"2025-02-08T13:28:35+00:00\",\"breadcrumb\":{\"@id\":\"https:\/\/www.moonlou.com\/en\/produkt\/turban-classic-moss\/#breadcrumb\"},\"inLanguage\":\"en-US\",\"potentialAction\":[{\"@type\":\"ReadAction\",\"target\":[\"https:\/\/www.moonlou.com\/en\/produkt\/turban-classic-moss\/\"]}]},{\"@type\":\"ImageObject\",\"inLanguage\":\"en-US\",\"@id\":\"https:\/\/www.moonlou.com\/en\/produkt\/turban-classic-moss\/#primaryimage\",\"url\":\"https:\/\/www.moonlou.com\/wp-content\/uploads\/2021\/10\/DSC1519-scaled.jpg\",\"contentUrl\":\"https:\/\/www.moonlou.com\/wp-content\/uploads\/2021\/10\/DSC1519-scaled.jpg\",\"width\":1708,\"height\":2560},{\"@type\":\"BreadcrumbList\",\"@id\":\"https:\/\/www.moonlou.com\/en\/produkt\/turban-classic-moss\/#breadcrumb\",\"itemListElement\":[{\"@type\":\"ListItem\",\"position\":1,\"name\":\"moonlou.com\",\"item\":\"https:\/\/www.moonlou.com\/en\/\"},{\"@type\":\"ListItem\",\"position\":2,\"name\":\"Obchod\",\"item\":\"https:\/\/www.moonlou.com\/obchod\/\"},{\"@type\":\"ListItem\",\"position\":3,\"name\":\"Turban na vlasy a hlavu Classic Green z bavlny\"}]},{\"@type\":\"WebSite\",\"@id\":\"https:\/\/www.moonlou.com\/en\/#website\",\"url\":\"https:\/\/www.moonlou.com\/en\/\",\"name\":\"moonlou\",\"description\":\"Enjoy being you.\",\"publisher\":{\"@id\":\"https:\/\/www.moonlou.com\/en\/#organization\"},\"potentialAction\":[{\"@type\":\"SearchAction\",\"target\":{\"@type\":\"EntryPoint\",\"urlTemplate\":\"https:\/\/www.moonlou.com\/en\/?s={search_term_string}\"},\"query-input\":\"required name=search_term_string\"}],\"inLanguage\":\"en-US\"},{\"@type\":\"Organization\",\"@id\":\"https:\/\/www.moonlou.com\/en\/#organization\",\"name\":\"Lujza P\u00fachyov\u00e1\",\"url\":\"https:\/\/www.moonlou.com\/en\/\",\"logo\":{\"@type\":\"ImageObject\",\"inLanguage\":\"en-US\",\"@id\":\"https:\/\/www.moonlou.com\/en\/#\/schema\/logo\/image\/\",\"url\":\"https:\/\/www.moonlou.com\/wp-content\/uploads\/2021\/03\/moonlou-logo.png\",\"contentUrl\":\"https:\/\/www.moonlou.com\/wp-content\/uploads\/2021\/03\/moonlou-logo.png\",\"width\":1990,\"height\":642,\"caption\":\"Lujza P\u00fachyov\u00e1\"},\"image\":{\"@id\":\"https:\/\/www.moonlou.com\/en\/#\/schema\/logo\/image\/\"},\"sameAs\":[\"https:\/\/www.facebook.com\/moonlouofficial\"]}]}<\/script>\n<!-- \/ Yoast SEO plugin. -->","yoast_head_json":{"title":"Turban na vlasy a hlavu Classic Green z bavlny &#8211; moonlou","robots":{"index":"index","follow":"follow","max-snippet":"max-snippet:-1","max-image-preview":"max-image-preview:large","max-video-preview":"max-video-preview:-1"},"canonical":"https:\/\/www.moonlou.com\/en\/produkt\/turban-classic-moss\/","og_locale":"en_US","og_type":"article","og_title":"Turban na vlasy a hlavu Classic Green z bavlny &#8211; moonlou","og_description":"D\u00e1msky turban v olivovej zelenej farbe, prekr\u00ed\u017een\u00fd vpredu. Tento model je u\u0161it\u00fd z dvoch vrstiev m\u00e4kkej a vzdu\u0161nej bavlny, vhodn\u00fd do chladn\u00e9ho po\u010dasia. Turban je skvel\u00fdm doplnkom k ak\u00e9muko\u013evek outfitu, k elegantn\u00e9mu aj \u0161portov\u00e9mu.  Turban len nasad\u00edte na hlavu a m\u00f4\u017eete vykro\u010di\u0165!  Ve\u013ekos\u0165: Jedna ve\u013ekos\u0165 (56cm \u2013 elastick\u00fd do obvodu) Zlo\u017eenie: 95% Bavlna, 5% Elastan Starostlivos\u0165: Pra\u0165 ru\u010dne a necha\u0165 vo\u013ene vysu\u0161i\u0165 Vyroben\u00e9 na Slovensku","og_url":"https:\/\/www.moonlou.com\/en\/produkt\/turban-classic-moss\/","og_site_name":"moonlou","article_publisher":"https:\/\/www.facebook.com\/moonlouofficial","article_modified_time":"2025-02-08T13:28:35+00:00","og_image":[{"width":1708,"height":2560,"url":"https:\/\/www.moonlou.com\/wp-content\/uploads\/2021\/10\/DSC1519-scaled.jpg","type":"image\/jpeg"}],"twitter_card":"summary_large_image","twitter_misc":{"Est. reading time":"1 minute"},"schema":{"@context":"https:\/\/schema.org","@graph":[{"@type":"WebPage","@id":"https:\/\/www.moonlou.com\/en\/produkt\/turban-classic-moss\/","url":"https:\/\/www.moonlou.com\/en\/produkt\/turban-classic-moss\/","name":"Turban na vlasy a hlavu Classic Green z bavlny &#8211; moonlou","isPartOf":{"@id":"https:\/\/www.moonlou.com\/en\/#website"},"primaryImageOfPage":{"@id":"https:\/\/www.moonlou.com\/en\/produkt\/turban-classic-moss\/#primaryimage"},"image":{"@id":"https:\/\/www.moonlou.com\/en\/produkt\/turban-classic-moss\/#primaryimage"},"thumbnailUrl":"https:\/\/www.moonlou.com\/wp-content\/uploads\/2021\/10\/DSC1519-scaled.jpg","datePublished":"2021-10-20T10:07:25+00:00","dateModified":"2025-02-08T13:28:35+00:00","breadcrumb":{"@id":"https:\/\/www.moonlou.com\/en\/produkt\/turban-classic-moss\/#breadcrumb"},"inLanguage":"en-US","potentialAction":[{"@type":"ReadAction","target":["https:\/\/www.moonlou.com\/en\/produkt\/turban-classic-moss\/"]}]},{"@type":"ImageObject","inLanguage":"en-US","@id":"https:\/\/www.moonlou.com\/en\/produkt\/turban-classic-moss\/#primaryimage","url":"https:\/\/www.moonlou.com\/wp-content\/uploads\/2021\/10\/DSC1519-scaled.jpg","contentUrl":"https:\/\/www.moonlou.com\/wp-content\/uploads\/2021\/10\/DSC1519-scaled.jpg","width":1708,"height":2560},{"@type":"BreadcrumbList","@id":"https:\/\/www.moonlou.com\/en\/produkt\/turban-classic-moss\/#breadcrumb","itemListElement":[{"@type":"ListItem","position":1,"name":"moonlou.com","item":"https:\/\/www.moonlou.com\/en\/"},{"@type":"ListItem","position":2,"name":"Obchod","item":"https:\/\/www.moonlou.com\/obchod\/"},{"@type":"ListItem","position":3,"name":"Turban na vlasy a hlavu Classic Green z bavlny"}]},{"@type":"WebSite","@id":"https:\/\/www.moonlou.com\/en\/#website","url":"https:\/\/www.moonlou.com\/en\/","name":"moonlou","description":"Enjoy being you.","publisher":{"@id":"https:\/\/www.moonlou.com\/en\/#organization"},"potentialAction":[{"@type":"SearchAction","target":{"@type":"EntryPoint","urlTemplate":"https:\/\/www.moonlou.com\/en\/?s={search_term_string}"},"query-input":"required name=search_term_string"}],"inLanguage":"en-US"},{"@type":"Organization","@id":"https:\/\/www.moonlou.com\/en\/#organization","name":"Lujza P\u00fachyov\u00e1","url":"https:\/\/www.moonlou.com\/en\/","logo":{"@type":"ImageObject","inLanguage":"en-US","@id":"https:\/\/www.moonlou.com\/en\/#\/schema\/logo\/image\/","url":"https:\/\/www.moonlou.com\/wp-content\/uploads\/2021\/03\/moonlou-logo.png","contentUrl":"https:\/\/www.moonlou.com\/wp-content\/uploads\/2021\/03\/moonlou-logo.png","width":1990,"height":642,"caption":"Lujza P\u00fachyov\u00e1"},"image":{"@id":"https:\/\/www.moonlou.com\/en\/#\/schema\/logo\/image\/"},"sameAs":["https:\/\/www.facebook.com\/moonlouofficial"]}]}},"_links":{"self":[{"href":"https:\/\/www.moonlou.com\/en\/wp-json\/wp\/v2\/product\/7521"}],"collection":[{"href":"https:\/\/www.moonlou.com\/en\/wp-json\/wp\/v2\/product"}],"about":[{"href":"https:\/\/www.moonlou.com\/en\/wp-json\/wp\/v2\/types\/product"}],"wp:featuredmedia":[{"embeddable":true,"href":"https:\/\/www.moonlou.com\/en\/wp-json\/wp\/v2\/media\/7522"}],"wp:attachment":[{"href":"https:\/\/www.moonlou.com\/en\/wp-json\/wp\/v2\/media?parent=7521"}],"wp:term":[{"taxonomy":"product_cat","embeddable":true,"href":"https:\/\/www.moonlou.com\/en\/wp-json\/wp\/v2\/product_cat?post=7521"},{"taxonomy":"product_tag","embeddable":true,"href":"https:\/\/www.moonlou.com\/en\/wp-json\/wp\/v2\/product_tag?post=7521"}],"curies":[{"name":"wp","href":"https:\/\/api.w.org\/{rel}","templated":true}]}}