{"id":7618,"date":"2021-10-21T11:51:59","date_gmt":"2021-10-21T09:51:59","guid":{"rendered":"https:\/\/www.moonlou.com\/?post_type=product&#038;p=7618"},"modified":"2024-11-18T21:58:56","modified_gmt":"2024-11-18T20:58:56","slug":"celenka-classic-blueberry","status":"publish","type":"product","link":"https:\/\/www.moonlou.com\/en\/produkt\/celenka-classic-blueberry\/","title":{"rendered":"\u010celenka Classic Bavlna &#8211; Royal"},"content":{"rendered":"<p>\u010celenka Classic z bavlnenej kolekcie je skvel\u00fdm ka\u017edodenn\u00fdm doplnkom. \u010celenka je vyroben\u00e1 z teplej bavlny a m\u00e1 \u0161ir\u0161ie kraje, v\u010faka ktor\u00fdm si ju m\u00f4\u017eete prisp\u00f4sobi\u0165 pod\u013ea V\u00e1\u0161ho vkusu. Je vhodn\u00e1 na nosenie do chladn\u00e9ho po\u010dasia. \u010celenky s\u00fa \u0161it\u00e9 v limitovan\u00fdch kolekci\u00e1ch na\u0161mi lok\u00e1lnymi kraj\u010d\u00edrkami. Nasa\u010fte si \u010delenku a zvo\u013ete si \u0161t\u00fdl, v ktorom sa c\u00edtite kr\u00e1sna a sama sebou.<\/p>\n","protected":false},"excerpt":{"rendered":"<p>D\u00e1mska \u010delenka v tmavomodrej farbe, prekr\u00ed\u017een\u00e1 vpredu. Tento model \u010delenky je \u0161ir\u0161\u00ed a\u017e turbanoidn\u00fd.\u00a0\u010celenku m\u00f4\u017eete nosi\u0165 na ak\u00fdko\u013evek sp\u00f4sob, s rozpusten\u00fdmi alebo zopnut\u00fdmi vlasmi. Je vhodn\u00e1 do chladnej\u0161ieho po\u010dasia.<\/p>\n<p>\u010celenku len nasad\u00edte na hlavu a m\u00f4\u017eete vykro\u010di\u0165!<\/p>\n<p>Ve\u013ekos\u0165: Jedna ve\u013ekos\u0165 (56cm \u2013 elastick\u00e1 do obvodu)<br \/>\nMateri\u00e1l: 95% Bavlna, 5% Elastan<br \/>\nStarostlivos\u0165: Pra\u0165 ru\u010dne, necha\u0165 vo\u013ene vysu\u0161i\u0165<br \/>\nVyroben\u00e9 na Slovensku<\/p>\n","protected":false},"featured_media":7625,"template":"","meta":[],"product_cat":[92],"product_tag":[70,189,202],"yoast_head":"<!-- This site is optimized with the Yoast SEO plugin v22.5 - https:\/\/yoast.com\/wordpress\/plugins\/seo\/ -->\n<title>\u010celenka Classic Bavlna - Royal &#8211; moonlou<\/title>\n<meta name=\"robots\" content=\"index, follow, max-snippet:-1, max-image-preview:large, max-video-preview:-1\" \/>\n<link rel=\"canonical\" href=\"https:\/\/www.moonlou.com\/en\/produkt\/celenka-classic-blueberry\/\" \/>\n<meta property=\"og:locale\" content=\"en_US\" \/>\n<meta property=\"og:type\" content=\"article\" \/>\n<meta property=\"og:title\" content=\"\u010celenka Classic Bavlna - Royal &#8211; moonlou\" \/>\n<meta property=\"og:description\" content=\"D\u00e1mska \u010delenka v tmavomodrej farbe, prekr\u00ed\u017een\u00e1 vpredu. Tento model \u010delenky je \u0161ir\u0161\u00ed a\u017e turbanoidn\u00fd.\u00a0\u010celenku m\u00f4\u017eete nosi\u0165 na ak\u00fdko\u013evek sp\u00f4sob, s rozpusten\u00fdmi alebo zopnut\u00fdmi vlasmi. Je vhodn\u00e1 do chladnej\u0161ieho po\u010dasia.  \u010celenku len nasad\u00edte na hlavu a m\u00f4\u017eete vykro\u010di\u0165!  Ve\u013ekos\u0165: Jedna ve\u013ekos\u0165 (56cm \u2013 elastick\u00e1 do obvodu) Materi\u00e1l: 95% Bavlna, 5% Elastan Starostlivos\u0165: Pra\u0165 ru\u010dne, necha\u0165 vo\u013ene vysu\u0161i\u0165 Vyroben\u00e9 na Slovensku\" \/>\n<meta property=\"og:url\" content=\"https:\/\/www.moonlou.com\/en\/produkt\/celenka-classic-blueberry\/\" \/>\n<meta property=\"og:site_name\" content=\"moonlou\" \/>\n<meta property=\"article:publisher\" content=\"https:\/\/www.facebook.com\/moonlouofficial\" \/>\n<meta property=\"article:modified_time\" content=\"2024-11-18T20:58:56+00:00\" \/>\n<meta property=\"og:image\" content=\"https:\/\/www.moonlou.com\/wp-content\/uploads\/2021\/10\/DSC1634-scaled.jpg\" \/>\n\t<meta property=\"og:image:width\" content=\"1708\" \/>\n\t<meta property=\"og:image:height\" content=\"2560\" \/>\n\t<meta property=\"og:image:type\" content=\"image\/jpeg\" \/>\n<meta name=\"twitter:card\" content=\"summary_large_image\" \/>\n<meta name=\"twitter:label1\" content=\"Est. reading time\" \/>\n\t<meta name=\"twitter:data1\" content=\"1 minute\" \/>\n<script type=\"application\/ld+json\" class=\"yoast-schema-graph\">{\"@context\":\"https:\/\/schema.org\",\"@graph\":[{\"@type\":\"WebPage\",\"@id\":\"https:\/\/www.moonlou.com\/en\/produkt\/celenka-classic-blueberry\/\",\"url\":\"https:\/\/www.moonlou.com\/en\/produkt\/celenka-classic-blueberry\/\",\"name\":\"\u010celenka Classic Bavlna - Royal &#8211; moonlou\",\"isPartOf\":{\"@id\":\"https:\/\/www.moonlou.com\/en\/#website\"},\"primaryImageOfPage\":{\"@id\":\"https:\/\/www.moonlou.com\/en\/produkt\/celenka-classic-blueberry\/#primaryimage\"},\"image\":{\"@id\":\"https:\/\/www.moonlou.com\/en\/produkt\/celenka-classic-blueberry\/#primaryimage\"},\"thumbnailUrl\":\"https:\/\/www.moonlou.com\/wp-content\/uploads\/2021\/10\/DSC1634-scaled.jpg\",\"datePublished\":\"2021-10-21T09:51:59+00:00\",\"dateModified\":\"2024-11-18T20:58:56+00:00\",\"breadcrumb\":{\"@id\":\"https:\/\/www.moonlou.com\/en\/produkt\/celenka-classic-blueberry\/#breadcrumb\"},\"inLanguage\":\"en-US\",\"potentialAction\":[{\"@type\":\"ReadAction\",\"target\":[\"https:\/\/www.moonlou.com\/en\/produkt\/celenka-classic-blueberry\/\"]}]},{\"@type\":\"ImageObject\",\"inLanguage\":\"en-US\",\"@id\":\"https:\/\/www.moonlou.com\/en\/produkt\/celenka-classic-blueberry\/#primaryimage\",\"url\":\"https:\/\/www.moonlou.com\/wp-content\/uploads\/2021\/10\/DSC1634-scaled.jpg\",\"contentUrl\":\"https:\/\/www.moonlou.com\/wp-content\/uploads\/2021\/10\/DSC1634-scaled.jpg\",\"width\":1708,\"height\":2560},{\"@type\":\"BreadcrumbList\",\"@id\":\"https:\/\/www.moonlou.com\/en\/produkt\/celenka-classic-blueberry\/#breadcrumb\",\"itemListElement\":[{\"@type\":\"ListItem\",\"position\":1,\"name\":\"moonlou.com\",\"item\":\"https:\/\/www.moonlou.com\/en\/\"},{\"@type\":\"ListItem\",\"position\":2,\"name\":\"Obchod\",\"item\":\"https:\/\/www.moonlou.com\/obchod\/\"},{\"@type\":\"ListItem\",\"position\":3,\"name\":\"\u010celenka Classic Bavlna &#8211; Royal\"}]},{\"@type\":\"WebSite\",\"@id\":\"https:\/\/www.moonlou.com\/en\/#website\",\"url\":\"https:\/\/www.moonlou.com\/en\/\",\"name\":\"moonlou\",\"description\":\"Enjoy being you.\",\"publisher\":{\"@id\":\"https:\/\/www.moonlou.com\/en\/#organization\"},\"potentialAction\":[{\"@type\":\"SearchAction\",\"target\":{\"@type\":\"EntryPoint\",\"urlTemplate\":\"https:\/\/www.moonlou.com\/en\/?s={search_term_string}\"},\"query-input\":\"required name=search_term_string\"}],\"inLanguage\":\"en-US\"},{\"@type\":\"Organization\",\"@id\":\"https:\/\/www.moonlou.com\/en\/#organization\",\"name\":\"Lujza P\u00fachyov\u00e1\",\"url\":\"https:\/\/www.moonlou.com\/en\/\",\"logo\":{\"@type\":\"ImageObject\",\"inLanguage\":\"en-US\",\"@id\":\"https:\/\/www.moonlou.com\/en\/#\/schema\/logo\/image\/\",\"url\":\"https:\/\/www.moonlou.com\/wp-content\/uploads\/2021\/03\/moonlou-logo.png\",\"contentUrl\":\"https:\/\/www.moonlou.com\/wp-content\/uploads\/2021\/03\/moonlou-logo.png\",\"width\":1990,\"height\":642,\"caption\":\"Lujza P\u00fachyov\u00e1\"},\"image\":{\"@id\":\"https:\/\/www.moonlou.com\/en\/#\/schema\/logo\/image\/\"},\"sameAs\":[\"https:\/\/www.facebook.com\/moonlouofficial\"]}]}<\/script>\n<!-- \/ Yoast SEO plugin. -->","yoast_head_json":{"title":"\u010celenka Classic Bavlna - Royal &#8211; moonlou","robots":{"index":"index","follow":"follow","max-snippet":"max-snippet:-1","max-image-preview":"max-image-preview:large","max-video-preview":"max-video-preview:-1"},"canonical":"https:\/\/www.moonlou.com\/en\/produkt\/celenka-classic-blueberry\/","og_locale":"en_US","og_type":"article","og_title":"\u010celenka Classic Bavlna - Royal &#8211; moonlou","og_description":"D\u00e1mska \u010delenka v tmavomodrej farbe, prekr\u00ed\u017een\u00e1 vpredu. Tento model \u010delenky je \u0161ir\u0161\u00ed a\u017e turbanoidn\u00fd.\u00a0\u010celenku m\u00f4\u017eete nosi\u0165 na ak\u00fdko\u013evek sp\u00f4sob, s rozpusten\u00fdmi alebo zopnut\u00fdmi vlasmi. Je vhodn\u00e1 do chladnej\u0161ieho po\u010dasia.  \u010celenku len nasad\u00edte na hlavu a m\u00f4\u017eete vykro\u010di\u0165!  Ve\u013ekos\u0165: Jedna ve\u013ekos\u0165 (56cm \u2013 elastick\u00e1 do obvodu) Materi\u00e1l: 95% Bavlna, 5% Elastan Starostlivos\u0165: Pra\u0165 ru\u010dne, necha\u0165 vo\u013ene vysu\u0161i\u0165 Vyroben\u00e9 na Slovensku","og_url":"https:\/\/www.moonlou.com\/en\/produkt\/celenka-classic-blueberry\/","og_site_name":"moonlou","article_publisher":"https:\/\/www.facebook.com\/moonlouofficial","article_modified_time":"2024-11-18T20:58:56+00:00","og_image":[{"width":1708,"height":2560,"url":"https:\/\/www.moonlou.com\/wp-content\/uploads\/2021\/10\/DSC1634-scaled.jpg","type":"image\/jpeg"}],"twitter_card":"summary_large_image","twitter_misc":{"Est. reading time":"1 minute"},"schema":{"@context":"https:\/\/schema.org","@graph":[{"@type":"WebPage","@id":"https:\/\/www.moonlou.com\/en\/produkt\/celenka-classic-blueberry\/","url":"https:\/\/www.moonlou.com\/en\/produkt\/celenka-classic-blueberry\/","name":"\u010celenka Classic Bavlna - Royal &#8211; moonlou","isPartOf":{"@id":"https:\/\/www.moonlou.com\/en\/#website"},"primaryImageOfPage":{"@id":"https:\/\/www.moonlou.com\/en\/produkt\/celenka-classic-blueberry\/#primaryimage"},"image":{"@id":"https:\/\/www.moonlou.com\/en\/produkt\/celenka-classic-blueberry\/#primaryimage"},"thumbnailUrl":"https:\/\/www.moonlou.com\/wp-content\/uploads\/2021\/10\/DSC1634-scaled.jpg","datePublished":"2021-10-21T09:51:59+00:00","dateModified":"2024-11-18T20:58:56+00:00","breadcrumb":{"@id":"https:\/\/www.moonlou.com\/en\/produkt\/celenka-classic-blueberry\/#breadcrumb"},"inLanguage":"en-US","potentialAction":[{"@type":"ReadAction","target":["https:\/\/www.moonlou.com\/en\/produkt\/celenka-classic-blueberry\/"]}]},{"@type":"ImageObject","inLanguage":"en-US","@id":"https:\/\/www.moonlou.com\/en\/produkt\/celenka-classic-blueberry\/#primaryimage","url":"https:\/\/www.moonlou.com\/wp-content\/uploads\/2021\/10\/DSC1634-scaled.jpg","contentUrl":"https:\/\/www.moonlou.com\/wp-content\/uploads\/2021\/10\/DSC1634-scaled.jpg","width":1708,"height":2560},{"@type":"BreadcrumbList","@id":"https:\/\/www.moonlou.com\/en\/produkt\/celenka-classic-blueberry\/#breadcrumb","itemListElement":[{"@type":"ListItem","position":1,"name":"moonlou.com","item":"https:\/\/www.moonlou.com\/en\/"},{"@type":"ListItem","position":2,"name":"Obchod","item":"https:\/\/www.moonlou.com\/obchod\/"},{"@type":"ListItem","position":3,"name":"\u010celenka Classic Bavlna &#8211; Royal"}]},{"@type":"WebSite","@id":"https:\/\/www.moonlou.com\/en\/#website","url":"https:\/\/www.moonlou.com\/en\/","name":"moonlou","description":"Enjoy being you.","publisher":{"@id":"https:\/\/www.moonlou.com\/en\/#organization"},"potentialAction":[{"@type":"SearchAction","target":{"@type":"EntryPoint","urlTemplate":"https:\/\/www.moonlou.com\/en\/?s={search_term_string}"},"query-input":"required name=search_term_string"}],"inLanguage":"en-US"},{"@type":"Organization","@id":"https:\/\/www.moonlou.com\/en\/#organization","name":"Lujza P\u00fachyov\u00e1","url":"https:\/\/www.moonlou.com\/en\/","logo":{"@type":"ImageObject","inLanguage":"en-US","@id":"https:\/\/www.moonlou.com\/en\/#\/schema\/logo\/image\/","url":"https:\/\/www.moonlou.com\/wp-content\/uploads\/2021\/03\/moonlou-logo.png","contentUrl":"https:\/\/www.moonlou.com\/wp-content\/uploads\/2021\/03\/moonlou-logo.png","width":1990,"height":642,"caption":"Lujza P\u00fachyov\u00e1"},"image":{"@id":"https:\/\/www.moonlou.com\/en\/#\/schema\/logo\/image\/"},"sameAs":["https:\/\/www.facebook.com\/moonlouofficial"]}]}},"_links":{"self":[{"href":"https:\/\/www.moonlou.com\/en\/wp-json\/wp\/v2\/product\/7618"}],"collection":[{"href":"https:\/\/www.moonlou.com\/en\/wp-json\/wp\/v2\/product"}],"about":[{"href":"https:\/\/www.moonlou.com\/en\/wp-json\/wp\/v2\/types\/product"}],"wp:featuredmedia":[{"embeddable":true,"href":"https:\/\/www.moonlou.com\/en\/wp-json\/wp\/v2\/media\/7625"}],"wp:attachment":[{"href":"https:\/\/www.moonlou.com\/en\/wp-json\/wp\/v2\/media?parent=7618"}],"wp:term":[{"taxonomy":"product_cat","embeddable":true,"href":"https:\/\/www.moonlou.com\/en\/wp-json\/wp\/v2\/product_cat?post=7618"},{"taxonomy":"product_tag","embeddable":true,"href":"https:\/\/www.moonlou.com\/en\/wp-json\/wp\/v2\/product_tag?post=7618"}],"curies":[{"name":"wp","href":"https:\/\/api.w.org\/{rel}","templated":true}]}}