{"id":8743,"date":"2021-10-21T20:33:55","date_gmt":"2021-10-21T18:33:55","guid":{"rendered":"https:\/\/www.moonlou.com\/product\/silver-moonstone-earrings-rainbow\/"},"modified":"2022-02-17T18:07:55","modified_gmt":"2022-02-17T17:07:55","slug":"silver-moonstone-earrings-rainbow","status":"publish","type":"product","link":"https:\/\/www.moonlou.com\/en\/product\/silver-moonstone-earrings-rainbow\/","title":{"rendered":"Silver Moonstone Earrings &#8211; Rainbow"},"content":{"rendered":"<div class=\"woocommerce-tabs wc-tabs-wrapper product-details-tabs\">\n<div id=\"tab-description\" class=\"woocommerce-Tabs-panel woocommerce-Tabs-panel--description panel entry-content wc-tab\" role=\"tabpanel\" aria-labelledby=\"tab-title-description\">\n<div class=\"container\">\n<div class=\"row justify-content-md-center\">\n<div class=\"col-12\">\n<div class=\"desc-layout-boxed\">\n<p>Moonstone has captivated the hearts of jewelry lovers for centuries. Moonstone is part of the mineral family of feldspars. The stone\u2019s seemingly bland appearance is made spectacular with the presence of light and movement. It is called adularescence \u2013 the optical phenomenon that causes the extraordinary glow on the surface of moonstone.<\/p>\n<p>Ancient cultures created origins for the stone as spectacular as the stone itself. Many associated the stone\u2019s powers with the moon. Moonstone is thought to bring its wearer stability and balance. A gem for intuition and new beginnings. It soothes emotional instability and stress, providing calm. It makes wearer more accepting of change.<\/p>\n<p>For moonstone, it is recommended to charge this crystal under the moonlight, especially on the full moon. Before the charging, soak the crystal in water with sea salt to clean it.<\/p>\n<p>ENJOY BEING YOU <img decoding=\"async\" class=\"emoji\" role=\"img\" src=\"https:\/\/s.w.org\/images\/core\/emoji\/13.1.0\/svg\/1f642.svg\" alt=\"\ud83d\ude42\" \/><\/p>\n<\/div>\n<\/div>\n<\/div>\n<\/div>\n<\/div>\n<\/div>\n","protected":false},"excerpt":{"rendered":"<p>Silver earrings with a polished\u00a0natural moonstone in the shape of a teardrop. With its unique appearance with a blue reflection, the stone reminds a moon haze and glows in the light .<\/p>\n<p>Material: silver, Ag 925\/1000<br \/>\nStone: natural moonstone \u2013 1.5 K, 6,5 mm<br \/>\nStone color: white, pale blue, clear<br \/>\nOrigin of stone: Sri Lanka<br \/>\nHandmade in Sri Lanka<\/p>\n","protected":false},"featured_media":7827,"template":"","meta":[],"product_cat":[113],"product_tag":[141],"yoast_head":"<!-- This site is optimized with the Yoast SEO plugin v22.5 - https:\/\/yoast.com\/wordpress\/plugins\/seo\/ -->\n<title>Silver Moonstone Earrings - Rainbow &#8211; moonlou<\/title>\n<meta name=\"robots\" content=\"index, follow, max-snippet:-1, max-image-preview:large, max-video-preview:-1\" \/>\n<link rel=\"canonical\" href=\"https:\/\/www.moonlou.com\/en\/product\/silver-moonstone-earrings-rainbow\/\" \/>\n<meta property=\"og:locale\" content=\"en_US\" \/>\n<meta property=\"og:type\" content=\"article\" \/>\n<meta property=\"og:title\" content=\"Silver Moonstone Earrings - Rainbow &#8211; moonlou\" \/>\n<meta property=\"og:description\" content=\"Silver earrings with a polished\u00a0natural moonstone in the shape of a teardrop. With its unique appearance with a blue reflection, the stone reminds a moon haze and glows in the light .  Material: silver, Ag 925\/1000 Stone: natural moonstone \u2013 1.5 K, 6,5 mm Stone color: white, pale blue, clear Origin of stone: Sri Lanka Handmade in Sri Lanka\" \/>\n<meta property=\"og:url\" content=\"https:\/\/www.moonlou.com\/en\/product\/silver-moonstone-earrings-rainbow\/\" \/>\n<meta property=\"og:site_name\" content=\"moonlou\" \/>\n<meta property=\"article:publisher\" content=\"https:\/\/www.facebook.com\/moonlouofficial\" \/>\n<meta property=\"article:modified_time\" content=\"2022-02-17T17:07:55+00:00\" \/>\n<meta property=\"og:image\" content=\"https:\/\/www.moonlou.com\/wp-content\/uploads\/2021\/10\/PMP_3338-scaled.jpg\" \/>\n\t<meta property=\"og:image:width\" content=\"1709\" \/>\n\t<meta property=\"og:image:height\" content=\"2560\" \/>\n\t<meta property=\"og:image:type\" content=\"image\/jpeg\" \/>\n<meta name=\"twitter:card\" content=\"summary_large_image\" \/>\n<meta name=\"twitter:label1\" content=\"Est. reading time\" \/>\n\t<meta name=\"twitter:data1\" content=\"1 minute\" \/>\n<script type=\"application\/ld+json\" class=\"yoast-schema-graph\">{\"@context\":\"https:\/\/schema.org\",\"@graph\":[{\"@type\":\"WebPage\",\"@id\":\"https:\/\/www.moonlou.com\/en\/product\/silver-moonstone-earrings-rainbow\/\",\"url\":\"https:\/\/www.moonlou.com\/en\/product\/silver-moonstone-earrings-rainbow\/\",\"name\":\"Silver Moonstone Earrings - Rainbow &#8211; moonlou\",\"isPartOf\":{\"@id\":\"https:\/\/www.moonlou.com\/en\/#website\"},\"primaryImageOfPage\":{\"@id\":\"https:\/\/www.moonlou.com\/en\/product\/silver-moonstone-earrings-rainbow\/#primaryimage\"},\"image\":{\"@id\":\"https:\/\/www.moonlou.com\/en\/product\/silver-moonstone-earrings-rainbow\/#primaryimage\"},\"thumbnailUrl\":\"https:\/\/www.moonlou.com\/wp-content\/uploads\/2021\/10\/PMP_3338-scaled.jpg\",\"datePublished\":\"2021-10-21T18:33:55+00:00\",\"dateModified\":\"2022-02-17T17:07:55+00:00\",\"breadcrumb\":{\"@id\":\"https:\/\/www.moonlou.com\/en\/product\/silver-moonstone-earrings-rainbow\/#breadcrumb\"},\"inLanguage\":\"en-US\",\"potentialAction\":[{\"@type\":\"ReadAction\",\"target\":[\"https:\/\/www.moonlou.com\/en\/product\/silver-moonstone-earrings-rainbow\/\"]}]},{\"@type\":\"ImageObject\",\"inLanguage\":\"en-US\",\"@id\":\"https:\/\/www.moonlou.com\/en\/product\/silver-moonstone-earrings-rainbow\/#primaryimage\",\"url\":\"https:\/\/www.moonlou.com\/wp-content\/uploads\/2021\/10\/PMP_3338-scaled.jpg\",\"contentUrl\":\"https:\/\/www.moonlou.com\/wp-content\/uploads\/2021\/10\/PMP_3338-scaled.jpg\",\"width\":1709,\"height\":2560,\"caption\":\"Strieborn\u00e9 n\u00e1u\u0161nice s mesa\u010dn\u00fdm kame\u0148om Rainbow\"},{\"@type\":\"BreadcrumbList\",\"@id\":\"https:\/\/www.moonlou.com\/en\/product\/silver-moonstone-earrings-rainbow\/#breadcrumb\",\"itemListElement\":[{\"@type\":\"ListItem\",\"position\":1,\"name\":\"moonlou.com\",\"item\":\"https:\/\/www.moonlou.com\/en\/\"},{\"@type\":\"ListItem\",\"position\":2,\"name\":\"Obchod\",\"item\":\"https:\/\/www.moonlou.com\/obchod\/\"},{\"@type\":\"ListItem\",\"position\":3,\"name\":\"Silver Moonstone Earrings &#8211; Rainbow\"}]},{\"@type\":\"WebSite\",\"@id\":\"https:\/\/www.moonlou.com\/en\/#website\",\"url\":\"https:\/\/www.moonlou.com\/en\/\",\"name\":\"moonlou\",\"description\":\"Enjoy being you.\",\"publisher\":{\"@id\":\"https:\/\/www.moonlou.com\/en\/#organization\"},\"potentialAction\":[{\"@type\":\"SearchAction\",\"target\":{\"@type\":\"EntryPoint\",\"urlTemplate\":\"https:\/\/www.moonlou.com\/en\/?s={search_term_string}\"},\"query-input\":\"required name=search_term_string\"}],\"inLanguage\":\"en-US\"},{\"@type\":\"Organization\",\"@id\":\"https:\/\/www.moonlou.com\/en\/#organization\",\"name\":\"Lujza P\u00fachyov\u00e1\",\"url\":\"https:\/\/www.moonlou.com\/en\/\",\"logo\":{\"@type\":\"ImageObject\",\"inLanguage\":\"en-US\",\"@id\":\"https:\/\/www.moonlou.com\/en\/#\/schema\/logo\/image\/\",\"url\":\"https:\/\/www.moonlou.com\/wp-content\/uploads\/2021\/03\/moonlou-logo.png\",\"contentUrl\":\"https:\/\/www.moonlou.com\/wp-content\/uploads\/2021\/03\/moonlou-logo.png\",\"width\":1990,\"height\":642,\"caption\":\"Lujza P\u00fachyov\u00e1\"},\"image\":{\"@id\":\"https:\/\/www.moonlou.com\/en\/#\/schema\/logo\/image\/\"},\"sameAs\":[\"https:\/\/www.facebook.com\/moonlouofficial\"]}]}<\/script>\n<!-- \/ Yoast SEO plugin. -->","yoast_head_json":{"title":"Silver Moonstone Earrings - Rainbow &#8211; moonlou","robots":{"index":"index","follow":"follow","max-snippet":"max-snippet:-1","max-image-preview":"max-image-preview:large","max-video-preview":"max-video-preview:-1"},"canonical":"https:\/\/www.moonlou.com\/en\/product\/silver-moonstone-earrings-rainbow\/","og_locale":"en_US","og_type":"article","og_title":"Silver Moonstone Earrings - Rainbow &#8211; moonlou","og_description":"Silver earrings with a polished\u00a0natural moonstone in the shape of a teardrop. With its unique appearance with a blue reflection, the stone reminds a moon haze and glows in the light .  Material: silver, Ag 925\/1000 Stone: natural moonstone \u2013 1.5 K, 6,5 mm Stone color: white, pale blue, clear Origin of stone: Sri Lanka Handmade in Sri Lanka","og_url":"https:\/\/www.moonlou.com\/en\/product\/silver-moonstone-earrings-rainbow\/","og_site_name":"moonlou","article_publisher":"https:\/\/www.facebook.com\/moonlouofficial","article_modified_time":"2022-02-17T17:07:55+00:00","og_image":[{"width":1709,"height":2560,"url":"https:\/\/www.moonlou.com\/wp-content\/uploads\/2021\/10\/PMP_3338-scaled.jpg","type":"image\/jpeg"}],"twitter_card":"summary_large_image","twitter_misc":{"Est. reading time":"1 minute"},"schema":{"@context":"https:\/\/schema.org","@graph":[{"@type":"WebPage","@id":"https:\/\/www.moonlou.com\/en\/product\/silver-moonstone-earrings-rainbow\/","url":"https:\/\/www.moonlou.com\/en\/product\/silver-moonstone-earrings-rainbow\/","name":"Silver Moonstone Earrings - Rainbow &#8211; moonlou","isPartOf":{"@id":"https:\/\/www.moonlou.com\/en\/#website"},"primaryImageOfPage":{"@id":"https:\/\/www.moonlou.com\/en\/product\/silver-moonstone-earrings-rainbow\/#primaryimage"},"image":{"@id":"https:\/\/www.moonlou.com\/en\/product\/silver-moonstone-earrings-rainbow\/#primaryimage"},"thumbnailUrl":"https:\/\/www.moonlou.com\/wp-content\/uploads\/2021\/10\/PMP_3338-scaled.jpg","datePublished":"2021-10-21T18:33:55+00:00","dateModified":"2022-02-17T17:07:55+00:00","breadcrumb":{"@id":"https:\/\/www.moonlou.com\/en\/product\/silver-moonstone-earrings-rainbow\/#breadcrumb"},"inLanguage":"en-US","potentialAction":[{"@type":"ReadAction","target":["https:\/\/www.moonlou.com\/en\/product\/silver-moonstone-earrings-rainbow\/"]}]},{"@type":"ImageObject","inLanguage":"en-US","@id":"https:\/\/www.moonlou.com\/en\/product\/silver-moonstone-earrings-rainbow\/#primaryimage","url":"https:\/\/www.moonlou.com\/wp-content\/uploads\/2021\/10\/PMP_3338-scaled.jpg","contentUrl":"https:\/\/www.moonlou.com\/wp-content\/uploads\/2021\/10\/PMP_3338-scaled.jpg","width":1709,"height":2560,"caption":"Strieborn\u00e9 n\u00e1u\u0161nice s mesa\u010dn\u00fdm kame\u0148om Rainbow"},{"@type":"BreadcrumbList","@id":"https:\/\/www.moonlou.com\/en\/product\/silver-moonstone-earrings-rainbow\/#breadcrumb","itemListElement":[{"@type":"ListItem","position":1,"name":"moonlou.com","item":"https:\/\/www.moonlou.com\/en\/"},{"@type":"ListItem","position":2,"name":"Obchod","item":"https:\/\/www.moonlou.com\/obchod\/"},{"@type":"ListItem","position":3,"name":"Silver Moonstone Earrings &#8211; Rainbow"}]},{"@type":"WebSite","@id":"https:\/\/www.moonlou.com\/en\/#website","url":"https:\/\/www.moonlou.com\/en\/","name":"moonlou","description":"Enjoy being you.","publisher":{"@id":"https:\/\/www.moonlou.com\/en\/#organization"},"potentialAction":[{"@type":"SearchAction","target":{"@type":"EntryPoint","urlTemplate":"https:\/\/www.moonlou.com\/en\/?s={search_term_string}"},"query-input":"required name=search_term_string"}],"inLanguage":"en-US"},{"@type":"Organization","@id":"https:\/\/www.moonlou.com\/en\/#organization","name":"Lujza P\u00fachyov\u00e1","url":"https:\/\/www.moonlou.com\/en\/","logo":{"@type":"ImageObject","inLanguage":"en-US","@id":"https:\/\/www.moonlou.com\/en\/#\/schema\/logo\/image\/","url":"https:\/\/www.moonlou.com\/wp-content\/uploads\/2021\/03\/moonlou-logo.png","contentUrl":"https:\/\/www.moonlou.com\/wp-content\/uploads\/2021\/03\/moonlou-logo.png","width":1990,"height":642,"caption":"Lujza P\u00fachyov\u00e1"},"image":{"@id":"https:\/\/www.moonlou.com\/en\/#\/schema\/logo\/image\/"},"sameAs":["https:\/\/www.facebook.com\/moonlouofficial"]}]}},"_links":{"self":[{"href":"https:\/\/www.moonlou.com\/en\/wp-json\/wp\/v2\/product\/8743"}],"collection":[{"href":"https:\/\/www.moonlou.com\/en\/wp-json\/wp\/v2\/product"}],"about":[{"href":"https:\/\/www.moonlou.com\/en\/wp-json\/wp\/v2\/types\/product"}],"wp:featuredmedia":[{"embeddable":true,"href":"https:\/\/www.moonlou.com\/en\/wp-json\/wp\/v2\/media\/7827"}],"wp:attachment":[{"href":"https:\/\/www.moonlou.com\/en\/wp-json\/wp\/v2\/media?parent=8743"}],"wp:term":[{"taxonomy":"product_cat","embeddable":true,"href":"https:\/\/www.moonlou.com\/en\/wp-json\/wp\/v2\/product_cat?post=8743"},{"taxonomy":"product_tag","embeddable":true,"href":"https:\/\/www.moonlou.com\/en\/wp-json\/wp\/v2\/product_tag?post=8743"}],"curies":[{"name":"wp","href":"https:\/\/api.w.org\/{rel}","templated":true}]}}