{"id":9059,"date":"2022-03-01T13:58:54","date_gmt":"2022-03-01T12:58:54","guid":{"rendered":"https:\/\/www.moonlou.com\/product\/bamboo-headband-classic-coral\/"},"modified":"2023-04-25T10:58:16","modified_gmt":"2023-04-25T08:58:16","slug":"bamboo-headband-classic-coral","status":"publish","type":"product","link":"https:\/\/www.moonlou.com\/en\/product\/bamboo-headband-classic-coral\/","title":{"rendered":"Bamboo Headband Classic &#8211; Coral"},"content":{"rendered":"<p>Headband Classic from the year-round bamboo collection is a great accessory for every day. Thanks to its material, this headband is perfectly soft and breathable. Headbands are sewn in limited collections by our local tailors. Put on your headband and choose a style in which you feel the most comfortable and authentic. Because that\u2019s what our brand is about \u2013 to accept as we are, discover our uniqueness and proudly wear it.<\/p>\n<p>The benefits of bamboo fabric:<\/p>\n<ul>\n<li>One of the softest fabrics on the planet you\u2019ll love the way it feels<\/li>\n<li>Highly sweat absorbent (pulls moisture from skin for evaporation \u2013 moisture wicking) \u2013 keeps you dry<\/li>\n<li>Hypoallergenic \u2013 natural bamboo does not cause allergic reactions<\/li>\n<li>Powerfully insulating \u2013 keeps you cooler in summer and warmer in winter<\/li>\n<li>Eco \u2013 friendly fabric<\/li>\n<\/ul>\n","protected":false},"excerpt":{"rendered":"<p>Bamboo headband in coral colour, crossed in front. The shape of the headband is wider, easily adaptable to head and drawn in the back.\u00a0Bamboo fabric is similar to the softness of silk, so it makes you feel comfortable throughout the day.<\/p>\n<p>Just put your headband on and go!<\/p>\n<p>Size: One size (56cm \u2013 elastic to the perimeter)<br \/>\nMaterial: 95% Bamboo, 5% Elastane<br \/>\nCare: Handwash in cold or lukewarm water, line dry<br \/>\nMade in Slovakia<\/p>\n<p><img decoding=\"async\" class=\"emoji\" role=\"img\" draggable=\"false\" src=\"https:\/\/s.w.org\/images\/core\/emoji\/13.1.0\/svg\/1f316.svg\" alt=\"\ud83c\udf16\" \/> By purchasing this product, you support the production of turbans for children and women who use them as a daily medical support \u2013 impact. <img decoding=\"async\" class=\"emoji\" role=\"img\" draggable=\"false\" src=\"https:\/\/s.w.org\/images\/core\/emoji\/13.1.0\/svg\/1f316.svg\" alt=\"\ud83c\udf16\" \/><\/p>\n","protected":false},"featured_media":8838,"template":"","meta":[],"product_cat":[133],"product_tag":[207,141,190],"yoast_head":"<!-- This site is optimized with the Yoast SEO plugin v22.5 - https:\/\/yoast.com\/wordpress\/plugins\/seo\/ -->\n<title>Bamboo Headband Classic - Coral &#8211; moonlou<\/title>\n<meta name=\"robots\" content=\"index, follow, max-snippet:-1, max-image-preview:large, max-video-preview:-1\" \/>\n<link rel=\"canonical\" href=\"https:\/\/www.moonlou.com\/en\/product\/bamboo-headband-classic-coral\/\" \/>\n<meta property=\"og:locale\" content=\"en_US\" \/>\n<meta property=\"og:type\" content=\"article\" \/>\n<meta property=\"og:title\" content=\"Bamboo Headband Classic - Coral &#8211; moonlou\" \/>\n<meta property=\"og:description\" content=\"Bamboo headband in coral colour, crossed in front. The shape of the headband is wider, easily adaptable to head and drawn in the back.\u00a0Bamboo fabric is similar to the softness of silk, so it makes you feel comfortable throughout the day.  Just put your headband on and go!  Size: One size (56cm \u2013 elastic to the perimeter) Material: 95% Bamboo, 5% Elastane Care: Handwash in cold or lukewarm water, line dry Made in Slovakia   By purchasing this product, you support the production of turbans for children and women who use them as a daily medical support \u2013 impact.\" \/>\n<meta property=\"og:url\" content=\"https:\/\/www.moonlou.com\/en\/product\/bamboo-headband-classic-coral\/\" \/>\n<meta property=\"og:site_name\" content=\"moonlou\" \/>\n<meta property=\"article:publisher\" content=\"https:\/\/www.facebook.com\/moonlouofficial\" \/>\n<meta property=\"article:modified_time\" content=\"2023-04-25T08:58:16+00:00\" \/>\n<meta property=\"og:image\" content=\"https:\/\/www.moonlou.com\/wp-content\/uploads\/2022\/03\/DSC7189-scaled.jpg\" \/>\n\t<meta property=\"og:image:width\" content=\"1708\" \/>\n\t<meta property=\"og:image:height\" content=\"2560\" \/>\n\t<meta property=\"og:image:type\" content=\"image\/jpeg\" \/>\n<meta name=\"twitter:card\" content=\"summary_large_image\" \/>\n<meta name=\"twitter:label1\" content=\"Est. reading time\" \/>\n\t<meta name=\"twitter:data1\" content=\"1 minute\" \/>\n<script type=\"application\/ld+json\" class=\"yoast-schema-graph\">{\"@context\":\"https:\/\/schema.org\",\"@graph\":[{\"@type\":\"WebPage\",\"@id\":\"https:\/\/www.moonlou.com\/en\/product\/bamboo-headband-classic-coral\/\",\"url\":\"https:\/\/www.moonlou.com\/en\/product\/bamboo-headband-classic-coral\/\",\"name\":\"Bamboo Headband Classic - Coral &#8211; moonlou\",\"isPartOf\":{\"@id\":\"https:\/\/www.moonlou.com\/en\/#website\"},\"primaryImageOfPage\":{\"@id\":\"https:\/\/www.moonlou.com\/en\/product\/bamboo-headband-classic-coral\/#primaryimage\"},\"image\":{\"@id\":\"https:\/\/www.moonlou.com\/en\/product\/bamboo-headband-classic-coral\/#primaryimage\"},\"thumbnailUrl\":\"https:\/\/www.moonlou.com\/wp-content\/uploads\/2022\/03\/DSC7189-scaled.jpg\",\"datePublished\":\"2022-03-01T12:58:54+00:00\",\"dateModified\":\"2023-04-25T08:58:16+00:00\",\"breadcrumb\":{\"@id\":\"https:\/\/www.moonlou.com\/en\/product\/bamboo-headband-classic-coral\/#breadcrumb\"},\"inLanguage\":\"en-US\",\"potentialAction\":[{\"@type\":\"ReadAction\",\"target\":[\"https:\/\/www.moonlou.com\/en\/product\/bamboo-headband-classic-coral\/\"]}]},{\"@type\":\"ImageObject\",\"inLanguage\":\"en-US\",\"@id\":\"https:\/\/www.moonlou.com\/en\/product\/bamboo-headband-classic-coral\/#primaryimage\",\"url\":\"https:\/\/www.moonlou.com\/wp-content\/uploads\/2022\/03\/DSC7189-scaled.jpg\",\"contentUrl\":\"https:\/\/www.moonlou.com\/wp-content\/uploads\/2022\/03\/DSC7189-scaled.jpg\",\"width\":1708,\"height\":2560,\"caption\":\"Bambusov\u00e1 l\u00e1tkov\u00e1 \u010delenka Classic \u2013 \u010celenky na hlavu pre ka\u017ed\u00e9 ro\u010dn\u00e9 obdobie\"},{\"@type\":\"BreadcrumbList\",\"@id\":\"https:\/\/www.moonlou.com\/en\/product\/bamboo-headband-classic-coral\/#breadcrumb\",\"itemListElement\":[{\"@type\":\"ListItem\",\"position\":1,\"name\":\"moonlou.com\",\"item\":\"https:\/\/www.moonlou.com\/en\/\"},{\"@type\":\"ListItem\",\"position\":2,\"name\":\"Obchod\",\"item\":\"https:\/\/www.moonlou.com\/obchod\/\"},{\"@type\":\"ListItem\",\"position\":3,\"name\":\"Bamboo Headband Classic &#8211; Coral\"}]},{\"@type\":\"WebSite\",\"@id\":\"https:\/\/www.moonlou.com\/en\/#website\",\"url\":\"https:\/\/www.moonlou.com\/en\/\",\"name\":\"moonlou\",\"description\":\"Enjoy being you.\",\"publisher\":{\"@id\":\"https:\/\/www.moonlou.com\/en\/#organization\"},\"potentialAction\":[{\"@type\":\"SearchAction\",\"target\":{\"@type\":\"EntryPoint\",\"urlTemplate\":\"https:\/\/www.moonlou.com\/en\/?s={search_term_string}\"},\"query-input\":\"required name=search_term_string\"}],\"inLanguage\":\"en-US\"},{\"@type\":\"Organization\",\"@id\":\"https:\/\/www.moonlou.com\/en\/#organization\",\"name\":\"Lujza P\u00fachyov\u00e1\",\"url\":\"https:\/\/www.moonlou.com\/en\/\",\"logo\":{\"@type\":\"ImageObject\",\"inLanguage\":\"en-US\",\"@id\":\"https:\/\/www.moonlou.com\/en\/#\/schema\/logo\/image\/\",\"url\":\"https:\/\/www.moonlou.com\/wp-content\/uploads\/2021\/03\/moonlou-logo.png\",\"contentUrl\":\"https:\/\/www.moonlou.com\/wp-content\/uploads\/2021\/03\/moonlou-logo.png\",\"width\":1990,\"height\":642,\"caption\":\"Lujza P\u00fachyov\u00e1\"},\"image\":{\"@id\":\"https:\/\/www.moonlou.com\/en\/#\/schema\/logo\/image\/\"},\"sameAs\":[\"https:\/\/www.facebook.com\/moonlouofficial\"]}]}<\/script>\n<!-- \/ Yoast SEO plugin. -->","yoast_head_json":{"title":"Bamboo Headband Classic - Coral &#8211; moonlou","robots":{"index":"index","follow":"follow","max-snippet":"max-snippet:-1","max-image-preview":"max-image-preview:large","max-video-preview":"max-video-preview:-1"},"canonical":"https:\/\/www.moonlou.com\/en\/product\/bamboo-headband-classic-coral\/","og_locale":"en_US","og_type":"article","og_title":"Bamboo Headband Classic - Coral &#8211; moonlou","og_description":"Bamboo headband in coral colour, crossed in front. The shape of the headband is wider, easily adaptable to head and drawn in the back.\u00a0Bamboo fabric is similar to the softness of silk, so it makes you feel comfortable throughout the day.  Just put your headband on and go!  Size: One size (56cm \u2013 elastic to the perimeter) Material: 95% Bamboo, 5% Elastane Care: Handwash in cold or lukewarm water, line dry Made in Slovakia   By purchasing this product, you support the production of turbans for children and women who use them as a daily medical support \u2013 impact.","og_url":"https:\/\/www.moonlou.com\/en\/product\/bamboo-headband-classic-coral\/","og_site_name":"moonlou","article_publisher":"https:\/\/www.facebook.com\/moonlouofficial","article_modified_time":"2023-04-25T08:58:16+00:00","og_image":[{"width":1708,"height":2560,"url":"https:\/\/www.moonlou.com\/wp-content\/uploads\/2022\/03\/DSC7189-scaled.jpg","type":"image\/jpeg"}],"twitter_card":"summary_large_image","twitter_misc":{"Est. reading time":"1 minute"},"schema":{"@context":"https:\/\/schema.org","@graph":[{"@type":"WebPage","@id":"https:\/\/www.moonlou.com\/en\/product\/bamboo-headband-classic-coral\/","url":"https:\/\/www.moonlou.com\/en\/product\/bamboo-headband-classic-coral\/","name":"Bamboo Headband Classic - Coral &#8211; moonlou","isPartOf":{"@id":"https:\/\/www.moonlou.com\/en\/#website"},"primaryImageOfPage":{"@id":"https:\/\/www.moonlou.com\/en\/product\/bamboo-headband-classic-coral\/#primaryimage"},"image":{"@id":"https:\/\/www.moonlou.com\/en\/product\/bamboo-headband-classic-coral\/#primaryimage"},"thumbnailUrl":"https:\/\/www.moonlou.com\/wp-content\/uploads\/2022\/03\/DSC7189-scaled.jpg","datePublished":"2022-03-01T12:58:54+00:00","dateModified":"2023-04-25T08:58:16+00:00","breadcrumb":{"@id":"https:\/\/www.moonlou.com\/en\/product\/bamboo-headband-classic-coral\/#breadcrumb"},"inLanguage":"en-US","potentialAction":[{"@type":"ReadAction","target":["https:\/\/www.moonlou.com\/en\/product\/bamboo-headband-classic-coral\/"]}]},{"@type":"ImageObject","inLanguage":"en-US","@id":"https:\/\/www.moonlou.com\/en\/product\/bamboo-headband-classic-coral\/#primaryimage","url":"https:\/\/www.moonlou.com\/wp-content\/uploads\/2022\/03\/DSC7189-scaled.jpg","contentUrl":"https:\/\/www.moonlou.com\/wp-content\/uploads\/2022\/03\/DSC7189-scaled.jpg","width":1708,"height":2560,"caption":"Bambusov\u00e1 l\u00e1tkov\u00e1 \u010delenka Classic \u2013 \u010celenky na hlavu pre ka\u017ed\u00e9 ro\u010dn\u00e9 obdobie"},{"@type":"BreadcrumbList","@id":"https:\/\/www.moonlou.com\/en\/product\/bamboo-headband-classic-coral\/#breadcrumb","itemListElement":[{"@type":"ListItem","position":1,"name":"moonlou.com","item":"https:\/\/www.moonlou.com\/en\/"},{"@type":"ListItem","position":2,"name":"Obchod","item":"https:\/\/www.moonlou.com\/obchod\/"},{"@type":"ListItem","position":3,"name":"Bamboo Headband Classic &#8211; Coral"}]},{"@type":"WebSite","@id":"https:\/\/www.moonlou.com\/en\/#website","url":"https:\/\/www.moonlou.com\/en\/","name":"moonlou","description":"Enjoy being you.","publisher":{"@id":"https:\/\/www.moonlou.com\/en\/#organization"},"potentialAction":[{"@type":"SearchAction","target":{"@type":"EntryPoint","urlTemplate":"https:\/\/www.moonlou.com\/en\/?s={search_term_string}"},"query-input":"required name=search_term_string"}],"inLanguage":"en-US"},{"@type":"Organization","@id":"https:\/\/www.moonlou.com\/en\/#organization","name":"Lujza P\u00fachyov\u00e1","url":"https:\/\/www.moonlou.com\/en\/","logo":{"@type":"ImageObject","inLanguage":"en-US","@id":"https:\/\/www.moonlou.com\/en\/#\/schema\/logo\/image\/","url":"https:\/\/www.moonlou.com\/wp-content\/uploads\/2021\/03\/moonlou-logo.png","contentUrl":"https:\/\/www.moonlou.com\/wp-content\/uploads\/2021\/03\/moonlou-logo.png","width":1990,"height":642,"caption":"Lujza P\u00fachyov\u00e1"},"image":{"@id":"https:\/\/www.moonlou.com\/en\/#\/schema\/logo\/image\/"},"sameAs":["https:\/\/www.facebook.com\/moonlouofficial"]}]}},"_links":{"self":[{"href":"https:\/\/www.moonlou.com\/en\/wp-json\/wp\/v2\/product\/9059"}],"collection":[{"href":"https:\/\/www.moonlou.com\/en\/wp-json\/wp\/v2\/product"}],"about":[{"href":"https:\/\/www.moonlou.com\/en\/wp-json\/wp\/v2\/types\/product"}],"wp:featuredmedia":[{"embeddable":true,"href":"https:\/\/www.moonlou.com\/en\/wp-json\/wp\/v2\/media\/8838"}],"wp:attachment":[{"href":"https:\/\/www.moonlou.com\/en\/wp-json\/wp\/v2\/media?parent=9059"}],"wp:term":[{"taxonomy":"product_cat","embeddable":true,"href":"https:\/\/www.moonlou.com\/en\/wp-json\/wp\/v2\/product_cat?post=9059"},{"taxonomy":"product_tag","embeddable":true,"href":"https:\/\/www.moonlou.com\/en\/wp-json\/wp\/v2\/product_tag?post=9059"}],"curies":[{"name":"wp","href":"https:\/\/api.w.org\/{rel}","templated":true}]}}