{"id":9070,"date":"2022-03-01T15:54:23","date_gmt":"2022-03-01T14:54:23","guid":{"rendered":"https:\/\/www.moonlou.com\/product\/bamboo-turban-classic-honey\/"},"modified":"2023-04-25T11:03:03","modified_gmt":"2023-04-25T09:03:03","slug":"bamboo-turban-classic-honey","status":"publish","type":"product","link":"https:\/\/www.moonlou.com\/en\/product\/bamboo-turban-classic-honey\/","title":{"rendered":"Bamboo Turban Classic &#8211; Honey"},"content":{"rendered":"<p>Turban Classic from the year \u2013 round bamboo collection is a great accessory for every day. Thanks to its material, the turban is perfectly soft and extremely breathable. Turbans are sewn in limited collections by our local tailors. Put on your turban and choose a style in which you feel the most comfortable and authentic. Because that\u2019s what our brand is about \u2013 to accept as we are, discover our uniqueness and proudly wear it.<\/p>\n<p>The benefits of bamboo fabric:<\/p>\n<ul>\n<li>One of the softest fabrics on the planet you\u2019ll love the way it feels<\/li>\n<li>Highly sweat absorbent (pulls moisture from skin for evaporation \u2013 moisture wicking) \u2013 keeps you dry<\/li>\n<li>Antibacterial \u2013 keeps you odour free and feeling and smelling fresh<\/li>\n<li>Hypoallergenic \u2013 natural bamboo does not cause allergic reactions, perfect for sensitive skin<\/li>\n<li>Powerfully insulating \u2013 keeps you cooler in summer and warmer in winter<\/li>\n<li>Eco \u2013 friendly fabric<\/li>\n<\/ul>\n","protected":false},"excerpt":{"rendered":"<p>Bamboo turban in mustard yellow, crossed in front, that covers you whole head. Bamboo fabric is similar to the softness of silk, so it makes you feel comfortable throughout the day. The turban is an original addition to any outfit, from denim to elegant dresses.<\/p>\n<p>Just put your turban on and go!<\/p>\n<p>Size: One size (56cm \u2013 elastic to the perimeter)<br \/>\nMaterial: 95% Bamboo, 5% Elastane<br \/>\nWear: All year round, summer<br \/>\nCare: Hand wash in cold or lukewarm water, line dry. Iron on low heat.<br \/>\nMade in Slovakia<\/p>\n<p><img decoding=\"async\" class=\"emoji\" role=\"img\" draggable=\"false\" src=\"https:\/\/s.w.org\/images\/core\/emoji\/13.1.0\/svg\/1f316.svg\" alt=\"\ud83c\udf16\" \/> By purchasing this product, you support the production of turbans for children and women who use them as a daily medical support \u2013 impact. <img decoding=\"async\" class=\"emoji\" role=\"img\" draggable=\"false\" src=\"https:\/\/s.w.org\/images\/core\/emoji\/13.1.0\/svg\/1f316.svg\" alt=\"\ud83c\udf16\" \/><\/p>\n","protected":false},"featured_media":6829,"template":"","meta":[],"product_cat":[118,116],"product_tag":[207,141,190],"yoast_head":"<!-- This site is optimized with the Yoast SEO plugin v22.5 - https:\/\/yoast.com\/wordpress\/plugins\/seo\/ -->\n<title>Bamboo Turban Classic - Honey &#8211; moonlou<\/title>\n<meta name=\"robots\" content=\"index, follow, max-snippet:-1, max-image-preview:large, max-video-preview:-1\" \/>\n<link rel=\"canonical\" href=\"https:\/\/www.moonlou.com\/en\/product\/bamboo-turban-classic-honey\/\" \/>\n<meta property=\"og:locale\" content=\"en_US\" \/>\n<meta property=\"og:type\" content=\"article\" \/>\n<meta property=\"og:title\" content=\"Bamboo Turban Classic - Honey &#8211; moonlou\" \/>\n<meta property=\"og:description\" content=\"Bamboo turban in mustard yellow, crossed in front, that covers you whole head. Bamboo fabric is similar to the softness of silk, so it makes you feel comfortable throughout the day. The turban is an original addition to any outfit, from denim to elegant dresses.  Just put your turban on and go!  Size: One size (56cm \u2013 elastic to the perimeter) Material: 95% Bamboo, 5% Elastane Wear: All year round, summer Care: Hand wash in cold or lukewarm water, line dry. Iron on low heat. Made in Slovakia   By purchasing this product, you support the production of turbans for children and women who use them as a daily medical support \u2013 impact.\" \/>\n<meta property=\"og:url\" content=\"https:\/\/www.moonlou.com\/en\/product\/bamboo-turban-classic-honey\/\" \/>\n<meta property=\"og:site_name\" content=\"moonlou\" \/>\n<meta property=\"article:publisher\" content=\"https:\/\/www.facebook.com\/moonlouofficial\" \/>\n<meta property=\"article:modified_time\" content=\"2023-04-25T09:03:03+00:00\" \/>\n<meta property=\"og:image\" content=\"https:\/\/www.moonlou.com\/wp-content\/uploads\/2021\/06\/DSC9943-1-scaled.jpg\" \/>\n\t<meta property=\"og:image:width\" content=\"1708\" \/>\n\t<meta property=\"og:image:height\" content=\"2560\" \/>\n\t<meta property=\"og:image:type\" content=\"image\/jpeg\" \/>\n<meta name=\"twitter:card\" content=\"summary_large_image\" \/>\n<meta name=\"twitter:label1\" content=\"Est. reading time\" \/>\n\t<meta name=\"twitter:data1\" content=\"1 minute\" \/>\n<script type=\"application\/ld+json\" class=\"yoast-schema-graph\">{\"@context\":\"https:\/\/schema.org\",\"@graph\":[{\"@type\":\"WebPage\",\"@id\":\"https:\/\/www.moonlou.com\/en\/product\/bamboo-turban-classic-honey\/\",\"url\":\"https:\/\/www.moonlou.com\/en\/product\/bamboo-turban-classic-honey\/\",\"name\":\"Bamboo Turban Classic - Honey &#8211; moonlou\",\"isPartOf\":{\"@id\":\"https:\/\/www.moonlou.com\/en\/#website\"},\"primaryImageOfPage\":{\"@id\":\"https:\/\/www.moonlou.com\/en\/product\/bamboo-turban-classic-honey\/#primaryimage\"},\"image\":{\"@id\":\"https:\/\/www.moonlou.com\/en\/product\/bamboo-turban-classic-honey\/#primaryimage\"},\"thumbnailUrl\":\"https:\/\/www.moonlou.com\/wp-content\/uploads\/2021\/06\/DSC9943-1-scaled.jpg\",\"datePublished\":\"2022-03-01T14:54:23+00:00\",\"dateModified\":\"2023-04-25T09:03:03+00:00\",\"breadcrumb\":{\"@id\":\"https:\/\/www.moonlou.com\/en\/product\/bamboo-turban-classic-honey\/#breadcrumb\"},\"inLanguage\":\"en-US\",\"potentialAction\":[{\"@type\":\"ReadAction\",\"target\":[\"https:\/\/www.moonlou.com\/en\/product\/bamboo-turban-classic-honey\/\"]}]},{\"@type\":\"ImageObject\",\"inLanguage\":\"en-US\",\"@id\":\"https:\/\/www.moonlou.com\/en\/product\/bamboo-turban-classic-honey\/#primaryimage\",\"url\":\"https:\/\/www.moonlou.com\/wp-content\/uploads\/2021\/06\/DSC9943-1-scaled.jpg\",\"contentUrl\":\"https:\/\/www.moonlou.com\/wp-content\/uploads\/2021\/06\/DSC9943-1-scaled.jpg\",\"width\":1708,\"height\":2560,\"caption\":\"Turban na vlasy a turban na hlavu Classic Honey z jemn\u00e9ho bambusov\u00e9ho vl\u00e1kna\"},{\"@type\":\"BreadcrumbList\",\"@id\":\"https:\/\/www.moonlou.com\/en\/product\/bamboo-turban-classic-honey\/#breadcrumb\",\"itemListElement\":[{\"@type\":\"ListItem\",\"position\":1,\"name\":\"moonlou.com\",\"item\":\"https:\/\/www.moonlou.com\/en\/\"},{\"@type\":\"ListItem\",\"position\":2,\"name\":\"Obchod\",\"item\":\"https:\/\/www.moonlou.com\/obchod\/\"},{\"@type\":\"ListItem\",\"position\":3,\"name\":\"Bamboo Turban Classic &#8211; Honey\"}]},{\"@type\":\"WebSite\",\"@id\":\"https:\/\/www.moonlou.com\/en\/#website\",\"url\":\"https:\/\/www.moonlou.com\/en\/\",\"name\":\"moonlou\",\"description\":\"Enjoy being you.\",\"publisher\":{\"@id\":\"https:\/\/www.moonlou.com\/en\/#organization\"},\"potentialAction\":[{\"@type\":\"SearchAction\",\"target\":{\"@type\":\"EntryPoint\",\"urlTemplate\":\"https:\/\/www.moonlou.com\/en\/?s={search_term_string}\"},\"query-input\":\"required name=search_term_string\"}],\"inLanguage\":\"en-US\"},{\"@type\":\"Organization\",\"@id\":\"https:\/\/www.moonlou.com\/en\/#organization\",\"name\":\"Lujza P\u00fachyov\u00e1\",\"url\":\"https:\/\/www.moonlou.com\/en\/\",\"logo\":{\"@type\":\"ImageObject\",\"inLanguage\":\"en-US\",\"@id\":\"https:\/\/www.moonlou.com\/en\/#\/schema\/logo\/image\/\",\"url\":\"https:\/\/www.moonlou.com\/wp-content\/uploads\/2021\/03\/moonlou-logo.png\",\"contentUrl\":\"https:\/\/www.moonlou.com\/wp-content\/uploads\/2021\/03\/moonlou-logo.png\",\"width\":1990,\"height\":642,\"caption\":\"Lujza P\u00fachyov\u00e1\"},\"image\":{\"@id\":\"https:\/\/www.moonlou.com\/en\/#\/schema\/logo\/image\/\"},\"sameAs\":[\"https:\/\/www.facebook.com\/moonlouofficial\"]}]}<\/script>\n<!-- \/ Yoast SEO plugin. -->","yoast_head_json":{"title":"Bamboo Turban Classic - Honey &#8211; moonlou","robots":{"index":"index","follow":"follow","max-snippet":"max-snippet:-1","max-image-preview":"max-image-preview:large","max-video-preview":"max-video-preview:-1"},"canonical":"https:\/\/www.moonlou.com\/en\/product\/bamboo-turban-classic-honey\/","og_locale":"en_US","og_type":"article","og_title":"Bamboo Turban Classic - Honey &#8211; moonlou","og_description":"Bamboo turban in mustard yellow, crossed in front, that covers you whole head. Bamboo fabric is similar to the softness of silk, so it makes you feel comfortable throughout the day. The turban is an original addition to any outfit, from denim to elegant dresses.  Just put your turban on and go!  Size: One size (56cm \u2013 elastic to the perimeter) Material: 95% Bamboo, 5% Elastane Wear: All year round, summer Care: Hand wash in cold or lukewarm water, line dry. Iron on low heat. Made in Slovakia   By purchasing this product, you support the production of turbans for children and women who use them as a daily medical support \u2013 impact.","og_url":"https:\/\/www.moonlou.com\/en\/product\/bamboo-turban-classic-honey\/","og_site_name":"moonlou","article_publisher":"https:\/\/www.facebook.com\/moonlouofficial","article_modified_time":"2023-04-25T09:03:03+00:00","og_image":[{"width":1708,"height":2560,"url":"https:\/\/www.moonlou.com\/wp-content\/uploads\/2021\/06\/DSC9943-1-scaled.jpg","type":"image\/jpeg"}],"twitter_card":"summary_large_image","twitter_misc":{"Est. reading time":"1 minute"},"schema":{"@context":"https:\/\/schema.org","@graph":[{"@type":"WebPage","@id":"https:\/\/www.moonlou.com\/en\/product\/bamboo-turban-classic-honey\/","url":"https:\/\/www.moonlou.com\/en\/product\/bamboo-turban-classic-honey\/","name":"Bamboo Turban Classic - Honey &#8211; moonlou","isPartOf":{"@id":"https:\/\/www.moonlou.com\/en\/#website"},"primaryImageOfPage":{"@id":"https:\/\/www.moonlou.com\/en\/product\/bamboo-turban-classic-honey\/#primaryimage"},"image":{"@id":"https:\/\/www.moonlou.com\/en\/product\/bamboo-turban-classic-honey\/#primaryimage"},"thumbnailUrl":"https:\/\/www.moonlou.com\/wp-content\/uploads\/2021\/06\/DSC9943-1-scaled.jpg","datePublished":"2022-03-01T14:54:23+00:00","dateModified":"2023-04-25T09:03:03+00:00","breadcrumb":{"@id":"https:\/\/www.moonlou.com\/en\/product\/bamboo-turban-classic-honey\/#breadcrumb"},"inLanguage":"en-US","potentialAction":[{"@type":"ReadAction","target":["https:\/\/www.moonlou.com\/en\/product\/bamboo-turban-classic-honey\/"]}]},{"@type":"ImageObject","inLanguage":"en-US","@id":"https:\/\/www.moonlou.com\/en\/product\/bamboo-turban-classic-honey\/#primaryimage","url":"https:\/\/www.moonlou.com\/wp-content\/uploads\/2021\/06\/DSC9943-1-scaled.jpg","contentUrl":"https:\/\/www.moonlou.com\/wp-content\/uploads\/2021\/06\/DSC9943-1-scaled.jpg","width":1708,"height":2560,"caption":"Turban na vlasy a turban na hlavu Classic Honey z jemn\u00e9ho bambusov\u00e9ho vl\u00e1kna"},{"@type":"BreadcrumbList","@id":"https:\/\/www.moonlou.com\/en\/product\/bamboo-turban-classic-honey\/#breadcrumb","itemListElement":[{"@type":"ListItem","position":1,"name":"moonlou.com","item":"https:\/\/www.moonlou.com\/en\/"},{"@type":"ListItem","position":2,"name":"Obchod","item":"https:\/\/www.moonlou.com\/obchod\/"},{"@type":"ListItem","position":3,"name":"Bamboo Turban Classic &#8211; Honey"}]},{"@type":"WebSite","@id":"https:\/\/www.moonlou.com\/en\/#website","url":"https:\/\/www.moonlou.com\/en\/","name":"moonlou","description":"Enjoy being you.","publisher":{"@id":"https:\/\/www.moonlou.com\/en\/#organization"},"potentialAction":[{"@type":"SearchAction","target":{"@type":"EntryPoint","urlTemplate":"https:\/\/www.moonlou.com\/en\/?s={search_term_string}"},"query-input":"required name=search_term_string"}],"inLanguage":"en-US"},{"@type":"Organization","@id":"https:\/\/www.moonlou.com\/en\/#organization","name":"Lujza P\u00fachyov\u00e1","url":"https:\/\/www.moonlou.com\/en\/","logo":{"@type":"ImageObject","inLanguage":"en-US","@id":"https:\/\/www.moonlou.com\/en\/#\/schema\/logo\/image\/","url":"https:\/\/www.moonlou.com\/wp-content\/uploads\/2021\/03\/moonlou-logo.png","contentUrl":"https:\/\/www.moonlou.com\/wp-content\/uploads\/2021\/03\/moonlou-logo.png","width":1990,"height":642,"caption":"Lujza P\u00fachyov\u00e1"},"image":{"@id":"https:\/\/www.moonlou.com\/en\/#\/schema\/logo\/image\/"},"sameAs":["https:\/\/www.facebook.com\/moonlouofficial"]}]}},"_links":{"self":[{"href":"https:\/\/www.moonlou.com\/en\/wp-json\/wp\/v2\/product\/9070"}],"collection":[{"href":"https:\/\/www.moonlou.com\/en\/wp-json\/wp\/v2\/product"}],"about":[{"href":"https:\/\/www.moonlou.com\/en\/wp-json\/wp\/v2\/types\/product"}],"wp:featuredmedia":[{"embeddable":true,"href":"https:\/\/www.moonlou.com\/en\/wp-json\/wp\/v2\/media\/6829"}],"wp:attachment":[{"href":"https:\/\/www.moonlou.com\/en\/wp-json\/wp\/v2\/media?parent=9070"}],"wp:term":[{"taxonomy":"product_cat","embeddable":true,"href":"https:\/\/www.moonlou.com\/en\/wp-json\/wp\/v2\/product_cat?post=9070"},{"taxonomy":"product_tag","embeddable":true,"href":"https:\/\/www.moonlou.com\/en\/wp-json\/wp\/v2\/product_tag?post=9070"}],"curies":[{"name":"wp","href":"https:\/\/api.w.org\/{rel}","templated":true}]}}