{"id":9678,"date":"2022-06-17T11:22:16","date_gmt":"2022-06-17T09:22:16","guid":{"rendered":"https:\/\/www.moonlou.com\/?post_type=product&#038;p=9678"},"modified":"2022-06-20T22:21:23","modified_gmt":"2022-06-20T20:21:23","slug":"detsky-turban-basic-flamingos","status":"publish","type":"product","link":"https:\/\/www.moonlou.com\/en\/produkt\/detsky-turban-basic-flamingos\/","title":{"rendered":"Detsk\u00fd Turban Basic &#8211;  Flamingos"},"content":{"rendered":"","protected":false},"excerpt":{"rendered":"<p>Detsk\u00fd turban s plameniakmi na bielom podklade, s p\u00e1sikom vpredu. Turban je u\u0161it\u00fd z certifikovanej bavlny s elastanom, je m\u00e4kk\u00fd a vzdu\u0161n\u00fd. Turban je jeden kus, ktor\u00fd natiahnete na hlavu ako \u010diapku.\u00a0Je elastick\u00fd do obvodu, natiahne sa a\u017e do 5cm navy\u0161e. Ve\u013ekos\u0165 je pre deti vo veku od 3-10 rokov, z\u00e1le\u017e\u00ed od obvodu hlavy.<\/p>\n<p>Obvod turbanu: 49\/50cm, (deti od 3-10 rokov)<br \/>\nZlo\u017eenie: 95% Bavlna, 5% Elastan<br \/>\nStarostlivos\u0165: Pra\u0165 ru\u010dne a necha\u0165 vo\u013ene vysu\u0161i\u0165<br \/>\nVyroben\u00e9 na Slovensku<\/p>\n","protected":false},"featured_media":9681,"template":"","meta":[],"product_cat":[15],"product_tag":[70],"yoast_head":"<!-- This site is optimized with the Yoast SEO plugin v22.5 - https:\/\/yoast.com\/wordpress\/plugins\/seo\/ -->\n<title>Detsk\u00fd Turban Basic - Flamingos &#8211; moonlou<\/title>\n<meta name=\"robots\" content=\"index, follow, max-snippet:-1, max-image-preview:large, max-video-preview:-1\" \/>\n<link rel=\"canonical\" href=\"https:\/\/www.moonlou.com\/en\/produkt\/detsky-turban-basic-flamingos\/\" \/>\n<meta property=\"og:locale\" content=\"en_US\" \/>\n<meta property=\"og:type\" content=\"article\" \/>\n<meta property=\"og:title\" content=\"Detsk\u00fd Turban Basic - Flamingos &#8211; moonlou\" \/>\n<meta property=\"og:description\" content=\"Detsk\u00fd turban s plameniakmi na bielom podklade, s p\u00e1sikom vpredu. Turban je u\u0161it\u00fd z certifikovanej bavlny s elastanom, je m\u00e4kk\u00fd a vzdu\u0161n\u00fd. Turban je jeden kus, ktor\u00fd natiahnete na hlavu ako \u010diapku.\u00a0Je elastick\u00fd do obvodu, natiahne sa a\u017e do 5cm navy\u0161e. Ve\u013ekos\u0165 je pre deti vo veku od 3-10 rokov, z\u00e1le\u017e\u00ed od obvodu hlavy.  Obvod turbanu: 49\/50cm, (deti od 3-10 rokov) Zlo\u017eenie: 95% Bavlna, 5% Elastan Starostlivos\u0165: Pra\u0165 ru\u010dne a necha\u0165 vo\u013ene vysu\u0161i\u0165 Vyroben\u00e9 na Slovensku\" \/>\n<meta property=\"og:url\" content=\"https:\/\/www.moonlou.com\/en\/produkt\/detsky-turban-basic-flamingos\/\" \/>\n<meta property=\"og:site_name\" content=\"moonlou\" \/>\n<meta property=\"article:publisher\" content=\"https:\/\/www.facebook.com\/moonlouofficial\" \/>\n<meta property=\"article:modified_time\" content=\"2022-06-20T20:21:23+00:00\" \/>\n<meta property=\"og:image\" content=\"https:\/\/www.moonlou.com\/wp-content\/uploads\/2022\/06\/DSC9669-scaled.jpg\" \/>\n\t<meta property=\"og:image:width\" content=\"1708\" \/>\n\t<meta property=\"og:image:height\" content=\"2560\" \/>\n\t<meta property=\"og:image:type\" content=\"image\/jpeg\" \/>\n<meta name=\"twitter:card\" content=\"summary_large_image\" \/>\n<script type=\"application\/ld+json\" class=\"yoast-schema-graph\">{\"@context\":\"https:\/\/schema.org\",\"@graph\":[{\"@type\":\"WebPage\",\"@id\":\"https:\/\/www.moonlou.com\/en\/produkt\/detsky-turban-basic-flamingos\/\",\"url\":\"https:\/\/www.moonlou.com\/en\/produkt\/detsky-turban-basic-flamingos\/\",\"name\":\"Detsk\u00fd Turban Basic - Flamingos &#8211; moonlou\",\"isPartOf\":{\"@id\":\"https:\/\/www.moonlou.com\/en\/#website\"},\"primaryImageOfPage\":{\"@id\":\"https:\/\/www.moonlou.com\/en\/produkt\/detsky-turban-basic-flamingos\/#primaryimage\"},\"image\":{\"@id\":\"https:\/\/www.moonlou.com\/en\/produkt\/detsky-turban-basic-flamingos\/#primaryimage\"},\"thumbnailUrl\":\"https:\/\/www.moonlou.com\/wp-content\/uploads\/2022\/06\/DSC9669-scaled.jpg\",\"datePublished\":\"2022-06-17T09:22:16+00:00\",\"dateModified\":\"2022-06-20T20:21:23+00:00\",\"breadcrumb\":{\"@id\":\"https:\/\/www.moonlou.com\/en\/produkt\/detsky-turban-basic-flamingos\/#breadcrumb\"},\"inLanguage\":\"en-US\",\"potentialAction\":[{\"@type\":\"ReadAction\",\"target\":[\"https:\/\/www.moonlou.com\/en\/produkt\/detsky-turban-basic-flamingos\/\"]}]},{\"@type\":\"ImageObject\",\"inLanguage\":\"en-US\",\"@id\":\"https:\/\/www.moonlou.com\/en\/produkt\/detsky-turban-basic-flamingos\/#primaryimage\",\"url\":\"https:\/\/www.moonlou.com\/wp-content\/uploads\/2022\/06\/DSC9669-scaled.jpg\",\"contentUrl\":\"https:\/\/www.moonlou.com\/wp-content\/uploads\/2022\/06\/DSC9669-scaled.jpg\",\"width\":1708,\"height\":2560},{\"@type\":\"BreadcrumbList\",\"@id\":\"https:\/\/www.moonlou.com\/en\/produkt\/detsky-turban-basic-flamingos\/#breadcrumb\",\"itemListElement\":[{\"@type\":\"ListItem\",\"position\":1,\"name\":\"moonlou.com\",\"item\":\"https:\/\/www.moonlou.com\/en\/\"},{\"@type\":\"ListItem\",\"position\":2,\"name\":\"Obchod\",\"item\":\"https:\/\/www.moonlou.com\/obchod\/\"},{\"@type\":\"ListItem\",\"position\":3,\"name\":\"Detsk\u00fd Turban Basic &#8211; Flamingos\"}]},{\"@type\":\"WebSite\",\"@id\":\"https:\/\/www.moonlou.com\/en\/#website\",\"url\":\"https:\/\/www.moonlou.com\/en\/\",\"name\":\"moonlou\",\"description\":\"Enjoy being you.\",\"publisher\":{\"@id\":\"https:\/\/www.moonlou.com\/en\/#organization\"},\"potentialAction\":[{\"@type\":\"SearchAction\",\"target\":{\"@type\":\"EntryPoint\",\"urlTemplate\":\"https:\/\/www.moonlou.com\/en\/?s={search_term_string}\"},\"query-input\":\"required name=search_term_string\"}],\"inLanguage\":\"en-US\"},{\"@type\":\"Organization\",\"@id\":\"https:\/\/www.moonlou.com\/en\/#organization\",\"name\":\"Lujza P\u00fachyov\u00e1\",\"url\":\"https:\/\/www.moonlou.com\/en\/\",\"logo\":{\"@type\":\"ImageObject\",\"inLanguage\":\"en-US\",\"@id\":\"https:\/\/www.moonlou.com\/en\/#\/schema\/logo\/image\/\",\"url\":\"https:\/\/www.moonlou.com\/wp-content\/uploads\/2021\/03\/moonlou-logo.png\",\"contentUrl\":\"https:\/\/www.moonlou.com\/wp-content\/uploads\/2021\/03\/moonlou-logo.png\",\"width\":1990,\"height\":642,\"caption\":\"Lujza P\u00fachyov\u00e1\"},\"image\":{\"@id\":\"https:\/\/www.moonlou.com\/en\/#\/schema\/logo\/image\/\"},\"sameAs\":[\"https:\/\/www.facebook.com\/moonlouofficial\"]}]}<\/script>\n<!-- \/ Yoast SEO plugin. -->","yoast_head_json":{"title":"Detsk\u00fd Turban Basic - Flamingos &#8211; moonlou","robots":{"index":"index","follow":"follow","max-snippet":"max-snippet:-1","max-image-preview":"max-image-preview:large","max-video-preview":"max-video-preview:-1"},"canonical":"https:\/\/www.moonlou.com\/en\/produkt\/detsky-turban-basic-flamingos\/","og_locale":"en_US","og_type":"article","og_title":"Detsk\u00fd Turban Basic - Flamingos &#8211; moonlou","og_description":"Detsk\u00fd turban s plameniakmi na bielom podklade, s p\u00e1sikom vpredu. Turban je u\u0161it\u00fd z certifikovanej bavlny s elastanom, je m\u00e4kk\u00fd a vzdu\u0161n\u00fd. Turban je jeden kus, ktor\u00fd natiahnete na hlavu ako \u010diapku.\u00a0Je elastick\u00fd do obvodu, natiahne sa a\u017e do 5cm navy\u0161e. Ve\u013ekos\u0165 je pre deti vo veku od 3-10 rokov, z\u00e1le\u017e\u00ed od obvodu hlavy.  Obvod turbanu: 49\/50cm, (deti od 3-10 rokov) Zlo\u017eenie: 95% Bavlna, 5% Elastan Starostlivos\u0165: Pra\u0165 ru\u010dne a necha\u0165 vo\u013ene vysu\u0161i\u0165 Vyroben\u00e9 na Slovensku","og_url":"https:\/\/www.moonlou.com\/en\/produkt\/detsky-turban-basic-flamingos\/","og_site_name":"moonlou","article_publisher":"https:\/\/www.facebook.com\/moonlouofficial","article_modified_time":"2022-06-20T20:21:23+00:00","og_image":[{"width":1708,"height":2560,"url":"https:\/\/www.moonlou.com\/wp-content\/uploads\/2022\/06\/DSC9669-scaled.jpg","type":"image\/jpeg"}],"twitter_card":"summary_large_image","schema":{"@context":"https:\/\/schema.org","@graph":[{"@type":"WebPage","@id":"https:\/\/www.moonlou.com\/en\/produkt\/detsky-turban-basic-flamingos\/","url":"https:\/\/www.moonlou.com\/en\/produkt\/detsky-turban-basic-flamingos\/","name":"Detsk\u00fd Turban Basic - Flamingos &#8211; moonlou","isPartOf":{"@id":"https:\/\/www.moonlou.com\/en\/#website"},"primaryImageOfPage":{"@id":"https:\/\/www.moonlou.com\/en\/produkt\/detsky-turban-basic-flamingos\/#primaryimage"},"image":{"@id":"https:\/\/www.moonlou.com\/en\/produkt\/detsky-turban-basic-flamingos\/#primaryimage"},"thumbnailUrl":"https:\/\/www.moonlou.com\/wp-content\/uploads\/2022\/06\/DSC9669-scaled.jpg","datePublished":"2022-06-17T09:22:16+00:00","dateModified":"2022-06-20T20:21:23+00:00","breadcrumb":{"@id":"https:\/\/www.moonlou.com\/en\/produkt\/detsky-turban-basic-flamingos\/#breadcrumb"},"inLanguage":"en-US","potentialAction":[{"@type":"ReadAction","target":["https:\/\/www.moonlou.com\/en\/produkt\/detsky-turban-basic-flamingos\/"]}]},{"@type":"ImageObject","inLanguage":"en-US","@id":"https:\/\/www.moonlou.com\/en\/produkt\/detsky-turban-basic-flamingos\/#primaryimage","url":"https:\/\/www.moonlou.com\/wp-content\/uploads\/2022\/06\/DSC9669-scaled.jpg","contentUrl":"https:\/\/www.moonlou.com\/wp-content\/uploads\/2022\/06\/DSC9669-scaled.jpg","width":1708,"height":2560},{"@type":"BreadcrumbList","@id":"https:\/\/www.moonlou.com\/en\/produkt\/detsky-turban-basic-flamingos\/#breadcrumb","itemListElement":[{"@type":"ListItem","position":1,"name":"moonlou.com","item":"https:\/\/www.moonlou.com\/en\/"},{"@type":"ListItem","position":2,"name":"Obchod","item":"https:\/\/www.moonlou.com\/obchod\/"},{"@type":"ListItem","position":3,"name":"Detsk\u00fd Turban Basic &#8211; Flamingos"}]},{"@type":"WebSite","@id":"https:\/\/www.moonlou.com\/en\/#website","url":"https:\/\/www.moonlou.com\/en\/","name":"moonlou","description":"Enjoy being you.","publisher":{"@id":"https:\/\/www.moonlou.com\/en\/#organization"},"potentialAction":[{"@type":"SearchAction","target":{"@type":"EntryPoint","urlTemplate":"https:\/\/www.moonlou.com\/en\/?s={search_term_string}"},"query-input":"required name=search_term_string"}],"inLanguage":"en-US"},{"@type":"Organization","@id":"https:\/\/www.moonlou.com\/en\/#organization","name":"Lujza P\u00fachyov\u00e1","url":"https:\/\/www.moonlou.com\/en\/","logo":{"@type":"ImageObject","inLanguage":"en-US","@id":"https:\/\/www.moonlou.com\/en\/#\/schema\/logo\/image\/","url":"https:\/\/www.moonlou.com\/wp-content\/uploads\/2021\/03\/moonlou-logo.png","contentUrl":"https:\/\/www.moonlou.com\/wp-content\/uploads\/2021\/03\/moonlou-logo.png","width":1990,"height":642,"caption":"Lujza P\u00fachyov\u00e1"},"image":{"@id":"https:\/\/www.moonlou.com\/en\/#\/schema\/logo\/image\/"},"sameAs":["https:\/\/www.facebook.com\/moonlouofficial"]}]}},"_links":{"self":[{"href":"https:\/\/www.moonlou.com\/en\/wp-json\/wp\/v2\/product\/9678"}],"collection":[{"href":"https:\/\/www.moonlou.com\/en\/wp-json\/wp\/v2\/product"}],"about":[{"href":"https:\/\/www.moonlou.com\/en\/wp-json\/wp\/v2\/types\/product"}],"wp:featuredmedia":[{"embeddable":true,"href":"https:\/\/www.moonlou.com\/en\/wp-json\/wp\/v2\/media\/9681"}],"wp:attachment":[{"href":"https:\/\/www.moonlou.com\/en\/wp-json\/wp\/v2\/media?parent=9678"}],"wp:term":[{"taxonomy":"product_cat","embeddable":true,"href":"https:\/\/www.moonlou.com\/en\/wp-json\/wp\/v2\/product_cat?post=9678"},{"taxonomy":"product_tag","embeddable":true,"href":"https:\/\/www.moonlou.com\/en\/wp-json\/wp\/v2\/product_tag?post=9678"}],"curies":[{"name":"wp","href":"https:\/\/api.w.org\/{rel}","templated":true}]}}